{"id":2341,"date":"2016-12-06T17:06:01","date_gmt":"2016-12-06T17:06:01","guid":{"rendered":"http:\/\/softwoods.wpengine.com\/de\/typical-applications\/"},"modified":"2017-06-20T19:10:22","modified_gmt":"2017-06-20T19:10:22","slug":"typical-applications","status":"publish","type":"page","link":"https:\/\/americansoftwoods.com\/de\/typical-applications\/","title":{"rendered":"Anwendungsbeispiele"},"content":{"rendered":"<h2>Schreinerei<\/h2>\n<p>Die hochwertige Maserung und Struktur amerikanischer Nadelh\u00f6lzer ist seit langem f\u00fcr Anwendungen in Innenbereichen beliebt. Ob naturbelassen, gef\u00e4rbt oder angestrichen \u2013 sie versch\u00f6nern sowohl traditionelle als auch moderne Wohnungen.<\/p>\n<p>Amerikanische Nadelh\u00f6lzer werden im M\u00f6belbau generell immer beliebter, eignen sich jedoch besonders gut f\u00fcr:<\/p>\n<ul>\n<li>Bettgestelle<\/li>\n<li>Schr\u00e4nke<\/li>\n<li>Fenster<\/li>\n<li>Bodenbel\u00e4ge<\/li>\n<li>Profilleisten<\/li>\n<li>Paneele<\/li>\n<li>Treppen<\/li>\n<\/ul>\n<div class=\"hr\"><\/div>\n<h2>Bauanwendungen<\/h2>\n<p>Bauholz ist nach seinen tragenden Eigenschaften f\u00fcr Rahmenwerk und schwere Bauanwendungen, leichte kommerzielle Anwendungen und f\u00fcr Wohnungen klassifiziert. Die wichtigsten amerikanischen Bauholzarten sind Douglasien und Gelbkiefer aus den S\u00fcdstaaten.<\/p>\n<p>Beispiele f\u00fcr Bauanwendungen sind u.\u00a0a.:<\/p>\n<ul>\n<li>Kirchen<\/li>\n<li>Einzelhandel<\/li>\n<li>Schulen<\/li>\n<li>Sporteinrichtungen<\/li>\n<li>Schwimmb\u00e4der<\/li>\n<li>Kinos<\/li>\n<\/ul>\n<p>Bauholzprodukte werden meist f\u00fcr bestimmte Endanwendungen nach Sortenkombinationen mit bestimmten Konstruktionswerten je Sorte gekauft, verkauft und vorgegeben. F\u00fcr Bauholz k\u00f6nnen bestimmte Korrekturfaktoren ber\u00fccksichtigt werden, um die Eigenschaften unterschiedlicher Teile in der Endanwendung zu berechnen. Diese Korrekturfaktoren werden von den verschiedenen Beh\u00f6rden in den Ziell\u00e4ndern ver\u00f6ffentlicht. Amerikanische Nadelh\u00f6lzer entsprechen BS 5268 Pt 2: 1996 und EN 1912 \u201eBauholz &#8211; Festigkeitsklassen\u201c.<\/p>\n<div class=\"hr\"><\/div>\n<h2>Au\u00dfenbereiche<\/h2>\n<p>Kesseldruckimpr\u00e4gniertes Holz kann auch in h\u00e4rtesten Umgebungen jahrzehntelang zuverl\u00e4ssige Dienste leisten. Wenn druckbehandeltes Holz gefragt ist, ist s\u00fcdstaatliche Gelbkiefer die bevorzugte Sorte. Die einzigartige Zellstruktur der Gelbkiefer erm\u00f6glicht ein tiefes und gleichm\u00e4\u00dfiges Eindringen des Holzschutzmittels, das das Holz als Nahrungsquelle f\u00fcr Schimmelpilze, Termiten und Mikroorganismen ungeeignet macht.<\/p>\n<p>H\u00e4ufige Anwendungen f\u00fcr behandeltes Holz sind u.\u00a0a.:<\/p>\n<ul>\n<li>Plankenwege<\/li>\n<li>Br\u00fccken<\/li>\n<li>Geb\u00e4udeverkleidung<\/li>\n<li>Terrassen<\/li>\n<li>Hafeneinrichtungen und Anlegestege<\/li>\n<li>Spielplatzger\u00e4te<\/li>\n<\/ul>\n<p>Bauholzprodukte werden meist f\u00fcr bestimmte Endanwendungen nach Sortenkombinationen mit bestimmten Konstruktionswerten je Sorte gekauft, verkauft und vorgegeben. F\u00fcr Bauholz k\u00f6nnen bestimmte Korrekturfaktoren ber\u00fccksichtigt werden, um die Eigenschaften unterschiedlicher Teile in der Endanwendung zu berechnen. Diese Korrekturfaktoren werden von den verschiedenen Beh\u00f6rden in den Ziell\u00e4ndern ver\u00f6ffentlicht. Amerikanische Nadelh\u00f6lzer entsprechen BS 5268 Pt 2: 1996 und EN 1912 \u201eBauholz &#8211; Festigkeitsklassen\u201c.<\/p>\n<h2>Nutzungsklassen<\/h2>\n<p>F\u00fcr Anwendungen im Au\u00dfenbereich muss die korrekte Nutzungsklasse und Retentionsstufe f\u00fcr Holzschutzmittel angegeben werden, um F\u00e4ule zu verhindern. Die Retentionsstufe wird zur Bestimmung des endg\u00fcltigen Einsatzzwecks des Holzes ben\u00f6tigt. So muss Holz f\u00fcr Schwimmbadumrandungen zum Beispiel st\u00e4rker behandelt sein als Bodenplanken, die im Erdgeschoss eingesetzt werden.<\/p>\n<p>&nbsp;<\/p>\n<p class=\"p1\">\n","protected":false},"excerpt":{"rendered":"<p>Schreinerei Die hochwertige Maserung und Struktur amerikanischer Nadelh\u00f6lzer ist seit langem f\u00fcr Anwendungen in Innenbereichen beliebt. Ob naturbelassen, gef\u00e4rbt oder angestrichen \u2013 sie versch\u00f6nern sowohl traditionelle als auch moderne Wohnungen. Amerikanische Nadelh\u00f6lzer werden im M\u00f6belbau generell immer beliebter, eignen sich jedoch besonders gut f\u00fcr: Bettgestelle Schr\u00e4nke Fenster Bodenbel\u00e4ge Profilleisten Paneele Treppen Bauanwendungen Bauholz ist nach [&hellip;]<\/p>\n","protected":false},"author":1,"featured_media":2045,"parent":0,"menu_order":6,"comment_status":"closed","ping_status":"closed","template":"","meta":{"_acf_changed":false,"_monsterinsights_skip_tracking":false,"_monsterinsights_sitenote_active":false,"_monsterinsights_sitenote_note":"","_monsterinsights_sitenote_category":0,"footnotes":""},"class_list":["post-2341","page","type-page","status-publish","has-post-thumbnail","hentry"],"acf":[],"yoast_head":"<!-- This site is optimized with the Yoast SEO plugin v27.3 - https:\/\/yoast.com\/product\/yoast-seo-wordpress\/ -->\n<title>Anwendungsbeispiele - American Softwood<\/title>\n<meta name=\"robots\" content=\"index, follow, max-snippet:-1, max-image-preview:large, max-video-preview:-1\" \/>\n<link rel=\"canonical\" href=\"https:\/\/americansoftwoods.com\/de\/typical-applications\/\" \/>\n<meta property=\"og:locale\" content=\"de_DE\" \/>\n<meta property=\"og:type\" content=\"article\" \/>\n<meta property=\"og:title\" content=\"Anwendungsbeispiele - American Softwood\" \/>\n<meta property=\"og:description\" content=\"Schreinerei Die hochwertige Maserung und Struktur amerikanischer Nadelh\u00f6lzer ist seit langem f\u00fcr Anwendungen in Innenbereichen beliebt. Ob naturbelassen, gef\u00e4rbt oder angestrichen \u2013 sie versch\u00f6nern sowohl traditionelle als auch moderne Wohnungen. Amerikanische Nadelh\u00f6lzer werden im M\u00f6belbau generell immer beliebter, eignen sich jedoch besonders gut f\u00fcr: Bettgestelle Schr\u00e4nke Fenster Bodenbel\u00e4ge Profilleisten Paneele Treppen Bauanwendungen Bauholz ist nach [&hellip;]\" \/>\n<meta property=\"og:url\" content=\"https:\/\/americansoftwoods.com\/de\/typical-applications\/\" \/>\n<meta property=\"og:site_name\" content=\"American Softwood\" \/>\n<meta property=\"article:modified_time\" content=\"2017-06-20T19:10:22+00:00\" \/>\n<meta property=\"og:image\" content=\"https:\/\/americansoftwoods.com\/wp-content\/uploads\/2016\/12\/typicalapppage_bedroom.jpg\" \/>\n\t<meta property=\"og:image:width\" content=\"1400\" \/>\n\t<meta property=\"og:image:height\" content=\"435\" \/>\n\t<meta property=\"og:image:type\" content=\"image\/jpeg\" \/>\n<meta name=\"twitter:card\" content=\"summary_large_image\" \/>\n<meta name=\"twitter:label1\" content=\"Gesch\u00e4tzte Lesezeit\" \/>\n\t<meta name=\"twitter:data1\" content=\"2\u00a0Minuten\" \/>\n<script type=\"application\/ld+json\" class=\"yoast-schema-graph\">{\"@context\":\"https:\\\/\\\/schema.org\",\"@graph\":[{\"@type\":\"WebPage\",\"@id\":\"https:\\\/\\\/americansoftwoods.com\\\/de\\\/typical-applications\\\/\",\"url\":\"https:\\\/\\\/americansoftwoods.com\\\/de\\\/typical-applications\\\/\",\"name\":\"Anwendungsbeispiele - American Softwood\",\"isPartOf\":{\"@id\":\"https:\\\/\\\/americansoftwoods.com\\\/#website\"},\"primaryImageOfPage\":{\"@id\":\"https:\\\/\\\/americansoftwoods.com\\\/de\\\/typical-applications\\\/#primaryimage\"},\"image\":{\"@id\":\"https:\\\/\\\/americansoftwoods.com\\\/de\\\/typical-applications\\\/#primaryimage\"},\"thumbnailUrl\":\"https:\\\/\\\/americansoftwoods.com\\\/wp-content\\\/uploads\\\/2016\\\/12\\\/typicalapppage_bedroom.jpg\",\"datePublished\":\"2016-12-06T17:06:01+00:00\",\"dateModified\":\"2017-06-20T19:10:22+00:00\",\"breadcrumb\":{\"@id\":\"https:\\\/\\\/americansoftwoods.com\\\/de\\\/typical-applications\\\/#breadcrumb\"},\"inLanguage\":\"de\",\"potentialAction\":[{\"@type\":\"ReadAction\",\"target\":[\"https:\\\/\\\/americansoftwoods.com\\\/de\\\/typical-applications\\\/\"]}]},{\"@type\":\"ImageObject\",\"inLanguage\":\"de\",\"@id\":\"https:\\\/\\\/americansoftwoods.com\\\/de\\\/typical-applications\\\/#primaryimage\",\"url\":\"https:\\\/\\\/americansoftwoods.com\\\/wp-content\\\/uploads\\\/2016\\\/12\\\/typicalapppage_bedroom.jpg\",\"contentUrl\":\"https:\\\/\\\/americansoftwoods.com\\\/wp-content\\\/uploads\\\/2016\\\/12\\\/typicalapppage_bedroom.jpg\",\"width\":1400,\"height\":435},{\"@type\":\"BreadcrumbList\",\"@id\":\"https:\\\/\\\/americansoftwoods.com\\\/de\\\/typical-applications\\\/#breadcrumb\",\"itemListElement\":[{\"@type\":\"ListItem\",\"position\":1,\"name\":\"Home\",\"item\":\"https:\\\/\\\/americansoftwoods.com\\\/de\\\/\"},{\"@type\":\"ListItem\",\"position\":2,\"name\":\"Anwendungsbeispiele\"}]},{\"@type\":\"WebSite\",\"@id\":\"https:\\\/\\\/americansoftwoods.com\\\/#website\",\"url\":\"https:\\\/\\\/americansoftwoods.com\\\/\",\"name\":\"American Softwood\",\"description\":\"World-Renowned Softwood\",\"potentialAction\":[{\"@type\":\"SearchAction\",\"target\":{\"@type\":\"EntryPoint\",\"urlTemplate\":\"https:\\\/\\\/americansoftwoods.com\\\/?s={search_term_string}\"},\"query-input\":{\"@type\":\"PropertyValueSpecification\",\"valueRequired\":true,\"valueName\":\"search_term_string\"}}],\"inLanguage\":\"de\"}]}<\/script>\n<!-- \/ Yoast SEO plugin. -->","yoast_head_json":{"title":"Anwendungsbeispiele - American Softwood","robots":{"index":"index","follow":"follow","max-snippet":"max-snippet:-1","max-image-preview":"max-image-preview:large","max-video-preview":"max-video-preview:-1"},"canonical":"https:\/\/americansoftwoods.com\/de\/typical-applications\/","og_locale":"de_DE","og_type":"article","og_title":"Anwendungsbeispiele - American Softwood","og_description":"Schreinerei Die hochwertige Maserung und Struktur amerikanischer Nadelh\u00f6lzer ist seit langem f\u00fcr Anwendungen in Innenbereichen beliebt. Ob naturbelassen, gef\u00e4rbt oder angestrichen \u2013 sie versch\u00f6nern sowohl traditionelle als auch moderne Wohnungen. Amerikanische Nadelh\u00f6lzer werden im M\u00f6belbau generell immer beliebter, eignen sich jedoch besonders gut f\u00fcr: Bettgestelle Schr\u00e4nke Fenster Bodenbel\u00e4ge Profilleisten Paneele Treppen Bauanwendungen Bauholz ist nach [&hellip;]","og_url":"https:\/\/americansoftwoods.com\/de\/typical-applications\/","og_site_name":"American Softwood","article_modified_time":"2017-06-20T19:10:22+00:00","og_image":[{"width":1400,"height":435,"url":"https:\/\/americansoftwoods.com\/wp-content\/uploads\/2016\/12\/typicalapppage_bedroom.jpg","type":"image\/jpeg"}],"twitter_card":"summary_large_image","twitter_misc":{"Gesch\u00e4tzte Lesezeit":"2\u00a0Minuten"},"schema":{"@context":"https:\/\/schema.org","@graph":[{"@type":"WebPage","@id":"https:\/\/americansoftwoods.com\/de\/typical-applications\/","url":"https:\/\/americansoftwoods.com\/de\/typical-applications\/","name":"Anwendungsbeispiele - American Softwood","isPartOf":{"@id":"https:\/\/americansoftwoods.com\/#website"},"primaryImageOfPage":{"@id":"https:\/\/americansoftwoods.com\/de\/typical-applications\/#primaryimage"},"image":{"@id":"https:\/\/americansoftwoods.com\/de\/typical-applications\/#primaryimage"},"thumbnailUrl":"https:\/\/americansoftwoods.com\/wp-content\/uploads\/2016\/12\/typicalapppage_bedroom.jpg","datePublished":"2016-12-06T17:06:01+00:00","dateModified":"2017-06-20T19:10:22+00:00","breadcrumb":{"@id":"https:\/\/americansoftwoods.com\/de\/typical-applications\/#breadcrumb"},"inLanguage":"de","potentialAction":[{"@type":"ReadAction","target":["https:\/\/americansoftwoods.com\/de\/typical-applications\/"]}]},{"@type":"ImageObject","inLanguage":"de","@id":"https:\/\/americansoftwoods.com\/de\/typical-applications\/#primaryimage","url":"https:\/\/americansoftwoods.com\/wp-content\/uploads\/2016\/12\/typicalapppage_bedroom.jpg","contentUrl":"https:\/\/americansoftwoods.com\/wp-content\/uploads\/2016\/12\/typicalapppage_bedroom.jpg","width":1400,"height":435},{"@type":"BreadcrumbList","@id":"https:\/\/americansoftwoods.com\/de\/typical-applications\/#breadcrumb","itemListElement":[{"@type":"ListItem","position":1,"name":"Home","item":"https:\/\/americansoftwoods.com\/de\/"},{"@type":"ListItem","position":2,"name":"Anwendungsbeispiele"}]},{"@type":"WebSite","@id":"https:\/\/americansoftwoods.com\/#website","url":"https:\/\/americansoftwoods.com\/","name":"American Softwood","description":"World-Renowned Softwood","potentialAction":[{"@type":"SearchAction","target":{"@type":"EntryPoint","urlTemplate":"https:\/\/americansoftwoods.com\/?s={search_term_string}"},"query-input":{"@type":"PropertyValueSpecification","valueRequired":true,"valueName":"search_term_string"}}],"inLanguage":"de"}]}},"_links":{"self":[{"href":"https:\/\/americansoftwoods.com\/de\/wp-json\/wp\/v2\/pages\/2341","targetHints":{"allow":["GET"]}}],"collection":[{"href":"https:\/\/americansoftwoods.com\/de\/wp-json\/wp\/v2\/pages"}],"about":[{"href":"https:\/\/americansoftwoods.com\/de\/wp-json\/wp\/v2\/types\/page"}],"author":[{"embeddable":true,"href":"https:\/\/americansoftwoods.com\/de\/wp-json\/wp\/v2\/users\/1"}],"replies":[{"embeddable":true,"href":"https:\/\/americansoftwoods.com\/de\/wp-json\/wp\/v2\/comments?post=2341"}],"version-history":[{"count":0,"href":"https:\/\/americansoftwoods.com\/de\/wp-json\/wp\/v2\/pages\/2341\/revisions"}],"wp:featuredmedia":[{"embeddable":true,"href":"https:\/\/americansoftwoods.com\/de\/wp-json\/wp\/v2\/media\/2045"}],"wp:attachment":[{"href":"https:\/\/americansoftwoods.com\/de\/wp-json\/wp\/v2\/media?parent=2341"}],"curies":[{"name":"wp","href":"https:\/\/api.w.org\/{rel}","templated":true}]}}