{"id":1848,"date":"2016-12-29T21:03:50","date_gmt":"2016-12-29T21:03:50","guid":{"rendered":"http:\/\/softwoods.wpengine.com\/es\/structural\/"},"modified":"2017-08-23T17:08:18","modified_gmt":"2017-08-23T17:08:18","slug":"structural","status":"publish","type":"page","link":"https:\/\/americansoftwoods.com\/es\/typical-applications\/structural\/","title":{"rendered":"Material estructural"},"content":{"rendered":"<p class=\"p1\">La madera para uso estructural viene clasificada seg\u00fan distintos grados en funci\u00f3n de su resistencia en sistemas de estructuras y aplicaciones residenciales, comerciales con entramado ligero y de construcci\u00f3n m\u00e1s pesada. Las especies americanas m\u00e1s ampliamente utilizadas en estructuras son el pino amarillo del sur y el Pino Oreg\u00f3n o Abeto Douglas.<\/p>\n<p class=\"p1\">Entre los usos de construcci\u00f3n estructural m\u00e1s comunes se incluyen:<\/p>\n<ul>\n<li>Iglesias<\/li>\n<li>Tiendas<\/li>\n<li>Escuelas<\/li>\n<li>Polideportivos<\/li>\n<li>Piscinas<\/li>\n<li>Teatros<\/li>\n<\/ul>\n<p class=\"p1\">Los productos de madera estructural suelen comercailizarse y recomendarse para un uso final que depende de las combinaciones de especies. As\u00ed,\u00a0 los valores de dise\u00f1o se asignan\u00a0 seg\u00fan especies. Es posible aplicar factores de ajuste a la madera estructural con el fin de calcular el rendimiento de las piezas de distintos tama\u00f1os en su uso final. Los resultados son publicados por distintas instituciones p\u00fablicas de los pa\u00edses de destino. American Softwoods cumple con las normativas BS 5268 Pt 2: 1996 y EN 1912 \u201cMadera estructural \u2013 Clasificaci\u00f3n de la resistencia\u201d.<\/p>\n","protected":false},"excerpt":{"rendered":"<p>La madera para uso estructural viene clasificada seg\u00fan distintos grados en funci\u00f3n de su resistencia en sistemas de estructuras y aplicaciones residenciales, comerciales con entramado ligero y de construcci\u00f3n m\u00e1s pesada. Las especies americanas m\u00e1s ampliamente utilizadas en estructuras son el pino amarillo del sur y el Pino Oreg\u00f3n o Abeto Douglas. Entre los usos [&hellip;]<\/p>\n","protected":false},"author":1,"featured_media":1849,"parent":2337,"menu_order":0,"comment_status":"closed","ping_status":"closed","template":"","meta":{"_acf_changed":false,"_monsterinsights_skip_tracking":false,"_monsterinsights_sitenote_active":false,"_monsterinsights_sitenote_note":"","_monsterinsights_sitenote_category":0,"footnotes":""},"class_list":["post-1848","page","type-page","status-publish","has-post-thumbnail","hentry"],"acf":[],"yoast_head":"<!-- This site is optimized with the Yoast SEO plugin v27.4 - https:\/\/yoast.com\/product\/yoast-seo-wordpress\/ -->\n<title>Material estructural - American Softwood<\/title>\n<meta name=\"robots\" content=\"index, follow, max-snippet:-1, max-image-preview:large, max-video-preview:-1\" \/>\n<link rel=\"canonical\" href=\"https:\/\/americansoftwoods.com\/es\/typical-applications\/structural\/\" \/>\n<meta property=\"og:locale\" content=\"es_ES\" \/>\n<meta property=\"og:type\" content=\"article\" \/>\n<meta property=\"og:title\" content=\"Material estructural - American Softwood\" \/>\n<meta property=\"og:description\" content=\"La madera para uso estructural viene clasificada seg\u00fan distintos grados en funci\u00f3n de su resistencia en sistemas de estructuras y aplicaciones residenciales, comerciales con entramado ligero y de construcci\u00f3n m\u00e1s pesada. Las especies americanas m\u00e1s ampliamente utilizadas en estructuras son el pino amarillo del sur y el Pino Oreg\u00f3n o Abeto Douglas. Entre los usos [&hellip;]\" \/>\n<meta property=\"og:url\" content=\"https:\/\/americansoftwoods.com\/es\/typical-applications\/structural\/\" \/>\n<meta property=\"og:site_name\" content=\"American Softwood\" \/>\n<meta property=\"article:modified_time\" content=\"2017-08-23T17:08:18+00:00\" \/>\n<meta property=\"og:image\" content=\"https:\/\/americansoftwoods.com\/wp-content\/uploads\/2016\/12\/STRUCTURAL.jpg\" \/>\n\t<meta property=\"og:image:width\" content=\"1400\" \/>\n\t<meta property=\"og:image:height\" content=\"617\" \/>\n\t<meta property=\"og:image:type\" content=\"image\/jpeg\" \/>\n<meta name=\"twitter:card\" content=\"summary_large_image\" \/>\n<meta name=\"twitter:label1\" content=\"Tiempo de lectura\" \/>\n\t<meta name=\"twitter:data1\" content=\"1 minuto\" \/>\n<script type=\"application\/ld+json\" class=\"yoast-schema-graph\">{\"@context\":\"https:\\\/\\\/schema.org\",\"@graph\":[{\"@type\":\"WebPage\",\"@id\":\"https:\\\/\\\/americansoftwoods.com\\\/es\\\/typical-applications\\\/structural\\\/\",\"url\":\"https:\\\/\\\/americansoftwoods.com\\\/es\\\/typical-applications\\\/structural\\\/\",\"name\":\"Material estructural - American Softwood\",\"isPartOf\":{\"@id\":\"https:\\\/\\\/americansoftwoods.com\\\/#website\"},\"primaryImageOfPage\":{\"@id\":\"https:\\\/\\\/americansoftwoods.com\\\/es\\\/typical-applications\\\/structural\\\/#primaryimage\"},\"image\":{\"@id\":\"https:\\\/\\\/americansoftwoods.com\\\/es\\\/typical-applications\\\/structural\\\/#primaryimage\"},\"thumbnailUrl\":\"https:\\\/\\\/americansoftwoods.com\\\/wp-content\\\/uploads\\\/2016\\\/12\\\/STRUCTURAL.jpg\",\"datePublished\":\"2016-12-29T21:03:50+00:00\",\"dateModified\":\"2017-08-23T17:08:18+00:00\",\"breadcrumb\":{\"@id\":\"https:\\\/\\\/americansoftwoods.com\\\/es\\\/typical-applications\\\/structural\\\/#breadcrumb\"},\"inLanguage\":\"es\",\"potentialAction\":[{\"@type\":\"ReadAction\",\"target\":[\"https:\\\/\\\/americansoftwoods.com\\\/es\\\/typical-applications\\\/structural\\\/\"]}]},{\"@type\":\"ImageObject\",\"inLanguage\":\"es\",\"@id\":\"https:\\\/\\\/americansoftwoods.com\\\/es\\\/typical-applications\\\/structural\\\/#primaryimage\",\"url\":\"https:\\\/\\\/americansoftwoods.com\\\/wp-content\\\/uploads\\\/2016\\\/12\\\/STRUCTURAL.jpg\",\"contentUrl\":\"https:\\\/\\\/americansoftwoods.com\\\/wp-content\\\/uploads\\\/2016\\\/12\\\/STRUCTURAL.jpg\",\"width\":1400,\"height\":617},{\"@type\":\"BreadcrumbList\",\"@id\":\"https:\\\/\\\/americansoftwoods.com\\\/es\\\/typical-applications\\\/structural\\\/#breadcrumb\",\"itemListElement\":[{\"@type\":\"ListItem\",\"position\":1,\"name\":\"Home\",\"item\":\"https:\\\/\\\/americansoftwoods.com\\\/es\\\/\"},{\"@type\":\"ListItem\",\"position\":2,\"name\":\"Aplicaciones m\u00e1s comunes\",\"item\":\"https:\\\/\\\/americansoftwoods.com\\\/es\\\/typical-applications\\\/\"},{\"@type\":\"ListItem\",\"position\":3,\"name\":\"Material estructural\"}]},{\"@type\":\"WebSite\",\"@id\":\"https:\\\/\\\/americansoftwoods.com\\\/#website\",\"url\":\"https:\\\/\\\/americansoftwoods.com\\\/\",\"name\":\"American Softwood\",\"description\":\"World-Renowned Softwood\",\"potentialAction\":[{\"@type\":\"SearchAction\",\"target\":{\"@type\":\"EntryPoint\",\"urlTemplate\":\"https:\\\/\\\/americansoftwoods.com\\\/?s={search_term_string}\"},\"query-input\":{\"@type\":\"PropertyValueSpecification\",\"valueRequired\":true,\"valueName\":\"search_term_string\"}}],\"inLanguage\":\"es\"}]}<\/script>\n<!-- \/ Yoast SEO plugin. -->","yoast_head_json":{"title":"Material estructural - American Softwood","robots":{"index":"index","follow":"follow","max-snippet":"max-snippet:-1","max-image-preview":"max-image-preview:large","max-video-preview":"max-video-preview:-1"},"canonical":"https:\/\/americansoftwoods.com\/es\/typical-applications\/structural\/","og_locale":"es_ES","og_type":"article","og_title":"Material estructural - American Softwood","og_description":"La madera para uso estructural viene clasificada seg\u00fan distintos grados en funci\u00f3n de su resistencia en sistemas de estructuras y aplicaciones residenciales, comerciales con entramado ligero y de construcci\u00f3n m\u00e1s pesada. Las especies americanas m\u00e1s ampliamente utilizadas en estructuras son el pino amarillo del sur y el Pino Oreg\u00f3n o Abeto Douglas. Entre los usos [&hellip;]","og_url":"https:\/\/americansoftwoods.com\/es\/typical-applications\/structural\/","og_site_name":"American Softwood","article_modified_time":"2017-08-23T17:08:18+00:00","og_image":[{"width":1400,"height":617,"url":"https:\/\/americansoftwoods.com\/wp-content\/uploads\/2016\/12\/STRUCTURAL.jpg","type":"image\/jpeg"}],"twitter_card":"summary_large_image","twitter_misc":{"Tiempo de lectura":"1 minuto"},"schema":{"@context":"https:\/\/schema.org","@graph":[{"@type":"WebPage","@id":"https:\/\/americansoftwoods.com\/es\/typical-applications\/structural\/","url":"https:\/\/americansoftwoods.com\/es\/typical-applications\/structural\/","name":"Material estructural - American Softwood","isPartOf":{"@id":"https:\/\/americansoftwoods.com\/#website"},"primaryImageOfPage":{"@id":"https:\/\/americansoftwoods.com\/es\/typical-applications\/structural\/#primaryimage"},"image":{"@id":"https:\/\/americansoftwoods.com\/es\/typical-applications\/structural\/#primaryimage"},"thumbnailUrl":"https:\/\/americansoftwoods.com\/wp-content\/uploads\/2016\/12\/STRUCTURAL.jpg","datePublished":"2016-12-29T21:03:50+00:00","dateModified":"2017-08-23T17:08:18+00:00","breadcrumb":{"@id":"https:\/\/americansoftwoods.com\/es\/typical-applications\/structural\/#breadcrumb"},"inLanguage":"es","potentialAction":[{"@type":"ReadAction","target":["https:\/\/americansoftwoods.com\/es\/typical-applications\/structural\/"]}]},{"@type":"ImageObject","inLanguage":"es","@id":"https:\/\/americansoftwoods.com\/es\/typical-applications\/structural\/#primaryimage","url":"https:\/\/americansoftwoods.com\/wp-content\/uploads\/2016\/12\/STRUCTURAL.jpg","contentUrl":"https:\/\/americansoftwoods.com\/wp-content\/uploads\/2016\/12\/STRUCTURAL.jpg","width":1400,"height":617},{"@type":"BreadcrumbList","@id":"https:\/\/americansoftwoods.com\/es\/typical-applications\/structural\/#breadcrumb","itemListElement":[{"@type":"ListItem","position":1,"name":"Home","item":"https:\/\/americansoftwoods.com\/es\/"},{"@type":"ListItem","position":2,"name":"Aplicaciones m\u00e1s comunes","item":"https:\/\/americansoftwoods.com\/es\/typical-applications\/"},{"@type":"ListItem","position":3,"name":"Material estructural"}]},{"@type":"WebSite","@id":"https:\/\/americansoftwoods.com\/#website","url":"https:\/\/americansoftwoods.com\/","name":"American Softwood","description":"World-Renowned Softwood","potentialAction":[{"@type":"SearchAction","target":{"@type":"EntryPoint","urlTemplate":"https:\/\/americansoftwoods.com\/?s={search_term_string}"},"query-input":{"@type":"PropertyValueSpecification","valueRequired":true,"valueName":"search_term_string"}}],"inLanguage":"es"}]}},"_links":{"self":[{"href":"https:\/\/americansoftwoods.com\/es\/wp-json\/wp\/v2\/pages\/1848","targetHints":{"allow":["GET"]}}],"collection":[{"href":"https:\/\/americansoftwoods.com\/es\/wp-json\/wp\/v2\/pages"}],"about":[{"href":"https:\/\/americansoftwoods.com\/es\/wp-json\/wp\/v2\/types\/page"}],"author":[{"embeddable":true,"href":"https:\/\/americansoftwoods.com\/es\/wp-json\/wp\/v2\/users\/1"}],"replies":[{"embeddable":true,"href":"https:\/\/americansoftwoods.com\/es\/wp-json\/wp\/v2\/comments?post=1848"}],"version-history":[{"count":0,"href":"https:\/\/americansoftwoods.com\/es\/wp-json\/wp\/v2\/pages\/1848\/revisions"}],"up":[{"embeddable":true,"href":"https:\/\/americansoftwoods.com\/es\/wp-json\/wp\/v2\/pages\/2337"}],"wp:featuredmedia":[{"embeddable":true,"href":"https:\/\/americansoftwoods.com\/es\/wp-json\/wp\/v2\/media\/1849"}],"wp:attachment":[{"href":"https:\/\/americansoftwoods.com\/es\/wp-json\/wp\/v2\/media?parent=1848"}],"curies":[{"name":"wp","href":"https:\/\/api.w.org\/{rel}","templated":true}]}}