{"id":1937,"date":"2016-12-29T20:03:19","date_gmt":"2016-12-29T20:03:19","guid":{"rendered":"http:\/\/softwoods.wpengine.com\/es\/sustainability\/"},"modified":"2017-11-30T17:41:33","modified_gmt":"2017-11-30T17:41:33","slug":"sustainability","status":"publish","type":"page","link":"https:\/\/americansoftwoods.com\/es\/sustainability\/","title":{"rendered":"Sostenibilidad"},"content":{"rendered":"<p class=\"p1\">Los bosques americanos producen actualmente m\u00e1s de 80 millones de metros c\u00fabicos de madera aserrada al a\u00f1o, lo que los convierte en los mayores productores del mundo. Cerca del 10% de esta madera se exporta a otros pa\u00edses.<\/p>\n<p class=\"p1\">La gesti\u00f3n maderera moderna no solo garantiza la replantaci\u00f3n de \u00e1rboles, sino que cada a\u00f1o crecen m\u00e1s \u00e1rboles de los que se talan en los bosques estadounidenses. Como resultado, EE.\u00a0UU. tiene en la actualidad m\u00e1s \u00e1rboles que hace 70 a\u00f1os. En EE.\u00a0UU. se plantan cada a\u00f1o 1.600 millones de plantones, el equivalente a 4,4 millones de \u00e1rboles cada d\u00eda del a\u00f1o.<\/p>\n<h4>Hay dos sistemas de certificaci\u00f3n forestal en EE.\u00a0UU.:<\/h4>\n<h5>\u00a0 \u00a0 \u00a0 \u00a0 \u00a0 \u00a0 \u00a0 \u00a0El Programa para el Reconocimiento de certificaci\u00f3n forestal (<a href=\"http:\/\/www.pefc.org\/\" target=\"_blank\" rel=\"noopener noreferrer\" data-saferedirecturl=\"https:\/\/www.google.com\/url?hl=en&amp;q=http:\/\/www.pefc.org\/&amp;source=gmail&amp;ust=1487974160433000&amp;usg=AFQjCNHytw9JnEA7vZjNw02vc744RztxHw\">PEFC, por sus siglas en ingl\u00e9s<\/a>) y<\/h5>\n<h5>\u00a0 \u00a0 \u00a0 \u00a0 \u00a0 \u00a0 \u00a0 \u00a0el Consejo de manejo forestal (<a href=\"https:\/\/us.fsc.org\/en-us\" target=\"_blank\" rel=\"noopener noreferrer\" data-saferedirecturl=\"https:\/\/www.google.com\/url?hl=en&amp;q=https:\/\/us.fsc.org\/en-us&amp;source=gmail&amp;ust=1487974160433000&amp;usg=AFQjCNHp_Q6Cbi1hnqztMH9duKOY7az7sQ\">FSC, por sus siglas en ingl\u00e9s<\/a>)<\/h5>\n<p class=\"m_-3624447866673593190p1\">El FSC certifica 66\u00a0millones de hect\u00e1reas de tierra a lo largo de Norteam\u00e9rica, mientras que el PEFC respalda la Iniciativa forestal sostenible (SFI) (<a href=\"http:\/\/www.sfiprogram.org\/\" target=\"_blank\" rel=\"noopener noreferrer\" data-saferedirecturl=\"https:\/\/www.google.com\/url?hl=en&amp;q=http:\/\/www.sfiprogram.org\/&amp;source=gmail&amp;ust=1487974160433000&amp;usg=AFQjCNEKljnd2CjnsPDh9x-WlgjSgnNVuw\">Sustainable Forest Initiative<\/a>) y el Sistema americano de plantaci\u00f3n de \u00e1rboles (ATFS) (<a href=\"https:\/\/www.treefarmsystem.org\/\" target=\"_blank\" rel=\"noopener noreferrer\" data-saferedirecturl=\"https:\/\/www.google.com\/url?hl=en&amp;q=https:\/\/www.treefarmsystem.org\/&amp;source=gmail&amp;ust=1487974160433000&amp;usg=AFQjCNFnWmVn2ekGJ-l-I1_e9y9uCWVH9g\">American Tree Farm System<\/a>), que reconstruye 110\u00a0millones de hect\u00e1reas de terrenos certificados por todo Norteam\u00e9rica.<\/p>\n<h4 class=\"p1\">Existen principalmente dos tipos de certificaci\u00f3n:<\/h4>\n<p class=\"p1\">La gesti\u00f3n forestal, que certifica que el \u00e1rea forestal se gestiona de manera sostenible; y la cadena de custodia, que es un proceso de registros para asegurar que la cadena desde el producto forestal hasta el producto final no se ha roto.<\/p>\n<p class=\"p1\">Si necesita m\u00e1s informaci\u00f3n sobre proveedores de pino amarillo del sur certificado, visite <a href=\"http:\/\/southernpineglobal.com\/product-locator\/\" target=\"_blank\" rel=\"noopener noreferrer\">Southern Pine Global<\/a>.<\/p>\n<p class=\"p1\">Si necesita m\u00e1s informaci\u00f3n sobre proveedores de abeto Douglas, cedro rojo occidental u otra especie de la parte occidental de los EE.\u00a0UU., <a href=\"http:\/\/wwpa.org\/buyers-guide?bgcompaniesonly\" target=\"_blank\" rel=\"noopener noreferrer\">visite\u00a0esta\u00a0p\u00e1gina<\/a>.<\/p>\n","protected":false},"excerpt":{"rendered":"<p>Los bosques americanos producen actualmente m\u00e1s de 80 millones de metros c\u00fabicos de madera aserrada al a\u00f1o, lo que los convierte en los mayores productores del mundo. Cerca del 10% de esta madera se exporta a otros pa\u00edses. La gesti\u00f3n maderera moderna no solo garantiza la replantaci\u00f3n de \u00e1rboles, sino que cada a\u00f1o crecen m\u00e1s [&hellip;]<\/p>\n","protected":false},"author":1,"featured_media":1938,"parent":0,"menu_order":0,"comment_status":"closed","ping_status":"closed","template":"","meta":{"_acf_changed":false,"_monsterinsights_skip_tracking":false,"_monsterinsights_sitenote_active":false,"_monsterinsights_sitenote_note":"","_monsterinsights_sitenote_category":0,"footnotes":""},"class_list":["post-1937","page","type-page","status-publish","has-post-thumbnail","hentry"],"acf":[],"yoast_head":"<!-- This site is optimized with the Yoast SEO plugin v27.5 - https:\/\/yoast.com\/product\/yoast-seo-wordpress\/ -->\n<title>Sostenibilidad - American Softwood<\/title>\n<meta name=\"robots\" content=\"index, follow, max-snippet:-1, max-image-preview:large, max-video-preview:-1\" \/>\n<link rel=\"canonical\" href=\"https:\/\/americansoftwoods.com\/es\/sustainability\/\" \/>\n<meta property=\"og:locale\" content=\"es_ES\" \/>\n<meta property=\"og:type\" content=\"article\" \/>\n<meta property=\"og:title\" content=\"Sostenibilidad - American Softwood\" \/>\n<meta property=\"og:description\" content=\"Los bosques americanos producen actualmente m\u00e1s de 80 millones de metros c\u00fabicos de madera aserrada al a\u00f1o, lo que los convierte en los mayores productores del mundo. Cerca del 10% de esta madera se exporta a otros pa\u00edses. La gesti\u00f3n maderera moderna no solo garantiza la replantaci\u00f3n de \u00e1rboles, sino que cada a\u00f1o crecen m\u00e1s [&hellip;]\" \/>\n<meta property=\"og:url\" content=\"https:\/\/americansoftwoods.com\/es\/sustainability\/\" \/>\n<meta property=\"og:site_name\" content=\"American Softwood\" \/>\n<meta property=\"article:modified_time\" content=\"2017-11-30T17:41:33+00:00\" \/>\n<meta property=\"og:image\" content=\"https:\/\/americansoftwoods.com\/wp-content\/uploads\/2016\/12\/SUSTAIN-1.jpg\" \/>\n\t<meta property=\"og:image:width\" content=\"1600\" \/>\n\t<meta property=\"og:image:height\" content=\"501\" \/>\n\t<meta property=\"og:image:type\" content=\"image\/jpeg\" \/>\n<meta name=\"twitter:card\" content=\"summary_large_image\" \/>\n<meta name=\"twitter:label1\" content=\"Tiempo de lectura\" \/>\n\t<meta name=\"twitter:data1\" content=\"2 minutos\" \/>\n<script type=\"application\/ld+json\" class=\"yoast-schema-graph\">{\"@context\":\"https:\\\/\\\/schema.org\",\"@graph\":[{\"@type\":\"WebPage\",\"@id\":\"https:\\\/\\\/americansoftwoods.com\\\/es\\\/sustainability\\\/\",\"url\":\"https:\\\/\\\/americansoftwoods.com\\\/es\\\/sustainability\\\/\",\"name\":\"Sostenibilidad - American Softwood\",\"isPartOf\":{\"@id\":\"https:\\\/\\\/americansoftwoods.com\\\/#website\"},\"primaryImageOfPage\":{\"@id\":\"https:\\\/\\\/americansoftwoods.com\\\/es\\\/sustainability\\\/#primaryimage\"},\"image\":{\"@id\":\"https:\\\/\\\/americansoftwoods.com\\\/es\\\/sustainability\\\/#primaryimage\"},\"thumbnailUrl\":\"https:\\\/\\\/americansoftwoods.com\\\/wp-content\\\/uploads\\\/2016\\\/12\\\/SUSTAIN-1.jpg\",\"datePublished\":\"2016-12-29T20:03:19+00:00\",\"dateModified\":\"2017-11-30T17:41:33+00:00\",\"breadcrumb\":{\"@id\":\"https:\\\/\\\/americansoftwoods.com\\\/es\\\/sustainability\\\/#breadcrumb\"},\"inLanguage\":\"es\",\"potentialAction\":[{\"@type\":\"ReadAction\",\"target\":[\"https:\\\/\\\/americansoftwoods.com\\\/es\\\/sustainability\\\/\"]}]},{\"@type\":\"ImageObject\",\"inLanguage\":\"es\",\"@id\":\"https:\\\/\\\/americansoftwoods.com\\\/es\\\/sustainability\\\/#primaryimage\",\"url\":\"https:\\\/\\\/americansoftwoods.com\\\/wp-content\\\/uploads\\\/2016\\\/12\\\/SUSTAIN-1.jpg\",\"contentUrl\":\"https:\\\/\\\/americansoftwoods.com\\\/wp-content\\\/uploads\\\/2016\\\/12\\\/SUSTAIN-1.jpg\",\"width\":1600,\"height\":501},{\"@type\":\"BreadcrumbList\",\"@id\":\"https:\\\/\\\/americansoftwoods.com\\\/es\\\/sustainability\\\/#breadcrumb\",\"itemListElement\":[{\"@type\":\"ListItem\",\"position\":1,\"name\":\"Home\",\"item\":\"https:\\\/\\\/americansoftwoods.com\\\/es\\\/\"},{\"@type\":\"ListItem\",\"position\":2,\"name\":\"Sostenibilidad\"}]},{\"@type\":\"WebSite\",\"@id\":\"https:\\\/\\\/americansoftwoods.com\\\/#website\",\"url\":\"https:\\\/\\\/americansoftwoods.com\\\/\",\"name\":\"American Softwood\",\"description\":\"World-Renowned Softwood\",\"potentialAction\":[{\"@type\":\"SearchAction\",\"target\":{\"@type\":\"EntryPoint\",\"urlTemplate\":\"https:\\\/\\\/americansoftwoods.com\\\/?s={search_term_string}\"},\"query-input\":{\"@type\":\"PropertyValueSpecification\",\"valueRequired\":true,\"valueName\":\"search_term_string\"}}],\"inLanguage\":\"es\"}]}<\/script>\n<!-- \/ Yoast SEO plugin. -->","yoast_head_json":{"title":"Sostenibilidad - American Softwood","robots":{"index":"index","follow":"follow","max-snippet":"max-snippet:-1","max-image-preview":"max-image-preview:large","max-video-preview":"max-video-preview:-1"},"canonical":"https:\/\/americansoftwoods.com\/es\/sustainability\/","og_locale":"es_ES","og_type":"article","og_title":"Sostenibilidad - American Softwood","og_description":"Los bosques americanos producen actualmente m\u00e1s de 80 millones de metros c\u00fabicos de madera aserrada al a\u00f1o, lo que los convierte en los mayores productores del mundo. Cerca del 10% de esta madera se exporta a otros pa\u00edses. La gesti\u00f3n maderera moderna no solo garantiza la replantaci\u00f3n de \u00e1rboles, sino que cada a\u00f1o crecen m\u00e1s [&hellip;]","og_url":"https:\/\/americansoftwoods.com\/es\/sustainability\/","og_site_name":"American Softwood","article_modified_time":"2017-11-30T17:41:33+00:00","og_image":[{"width":1600,"height":501,"url":"https:\/\/americansoftwoods.com\/wp-content\/uploads\/2016\/12\/SUSTAIN-1.jpg","type":"image\/jpeg"}],"twitter_card":"summary_large_image","twitter_misc":{"Tiempo de lectura":"2 minutos"},"schema":{"@context":"https:\/\/schema.org","@graph":[{"@type":"WebPage","@id":"https:\/\/americansoftwoods.com\/es\/sustainability\/","url":"https:\/\/americansoftwoods.com\/es\/sustainability\/","name":"Sostenibilidad - American Softwood","isPartOf":{"@id":"https:\/\/americansoftwoods.com\/#website"},"primaryImageOfPage":{"@id":"https:\/\/americansoftwoods.com\/es\/sustainability\/#primaryimage"},"image":{"@id":"https:\/\/americansoftwoods.com\/es\/sustainability\/#primaryimage"},"thumbnailUrl":"https:\/\/americansoftwoods.com\/wp-content\/uploads\/2016\/12\/SUSTAIN-1.jpg","datePublished":"2016-12-29T20:03:19+00:00","dateModified":"2017-11-30T17:41:33+00:00","breadcrumb":{"@id":"https:\/\/americansoftwoods.com\/es\/sustainability\/#breadcrumb"},"inLanguage":"es","potentialAction":[{"@type":"ReadAction","target":["https:\/\/americansoftwoods.com\/es\/sustainability\/"]}]},{"@type":"ImageObject","inLanguage":"es","@id":"https:\/\/americansoftwoods.com\/es\/sustainability\/#primaryimage","url":"https:\/\/americansoftwoods.com\/wp-content\/uploads\/2016\/12\/SUSTAIN-1.jpg","contentUrl":"https:\/\/americansoftwoods.com\/wp-content\/uploads\/2016\/12\/SUSTAIN-1.jpg","width":1600,"height":501},{"@type":"BreadcrumbList","@id":"https:\/\/americansoftwoods.com\/es\/sustainability\/#breadcrumb","itemListElement":[{"@type":"ListItem","position":1,"name":"Home","item":"https:\/\/americansoftwoods.com\/es\/"},{"@type":"ListItem","position":2,"name":"Sostenibilidad"}]},{"@type":"WebSite","@id":"https:\/\/americansoftwoods.com\/#website","url":"https:\/\/americansoftwoods.com\/","name":"American Softwood","description":"World-Renowned Softwood","potentialAction":[{"@type":"SearchAction","target":{"@type":"EntryPoint","urlTemplate":"https:\/\/americansoftwoods.com\/?s={search_term_string}"},"query-input":{"@type":"PropertyValueSpecification","valueRequired":true,"valueName":"search_term_string"}}],"inLanguage":"es"}]}},"_links":{"self":[{"href":"https:\/\/americansoftwoods.com\/es\/wp-json\/wp\/v2\/pages\/1937","targetHints":{"allow":["GET"]}}],"collection":[{"href":"https:\/\/americansoftwoods.com\/es\/wp-json\/wp\/v2\/pages"}],"about":[{"href":"https:\/\/americansoftwoods.com\/es\/wp-json\/wp\/v2\/types\/page"}],"author":[{"embeddable":true,"href":"https:\/\/americansoftwoods.com\/es\/wp-json\/wp\/v2\/users\/1"}],"replies":[{"embeddable":true,"href":"https:\/\/americansoftwoods.com\/es\/wp-json\/wp\/v2\/comments?post=1937"}],"version-history":[{"count":0,"href":"https:\/\/americansoftwoods.com\/es\/wp-json\/wp\/v2\/pages\/1937\/revisions"}],"wp:featuredmedia":[{"embeddable":true,"href":"https:\/\/americansoftwoods.com\/es\/wp-json\/wp\/v2\/media\/1938"}],"wp:attachment":[{"href":"https:\/\/americansoftwoods.com\/es\/wp-json\/wp\/v2\/media?parent=1937"}],"curies":[{"name":"wp","href":"https:\/\/api.w.org\/{rel}","templated":true}]}}