{"id":2337,"date":"2016-12-06T17:06:01","date_gmt":"2016-12-06T17:06:01","guid":{"rendered":"http:\/\/softwoods.wpengine.com\/es\/typical-applications\/"},"modified":"2017-06-20T19:13:04","modified_gmt":"2017-06-20T19:13:04","slug":"typical-applications","status":"publish","type":"page","link":"https:\/\/americansoftwoods.com\/es\/typical-applications\/","title":{"rendered":"Aplicaciones m\u00e1s comunes"},"content":{"rendered":"<h2>Ebanister\u00eda<\/h2>\n<p>Los veteados y texturas de alta calidad de las con\u00edferas de Estados Unidos llevan largo tiempo demostrando su utilidad\u00a0 para distintos usos en interior. Tanto en su acabado natural como pintados o con tintes, dichos productos contribuyen a mejorar el interior de los hogares tanto tradicionales como m\u00e1s modernos.<\/p>\n<p>American Softwoods est\u00e1 recibiendo recibe cada vez mayor demanda para la fabricaci\u00f3n de mobiliario, siendo ideal para:<\/p>\n<ul>\n<li>Armazones de camas<\/li>\n<li>Muebles empotrados<\/li>\n<li>Escaleras<\/li>\n<li>Ventas<\/li>\n<li>Tarimas<\/li>\n<li>Molduras<\/li>\n<li>Frisos<\/li>\n<\/ul>\n<div class=\"hr\"><\/div>\n<h2>Material estructural<\/h2>\n<p>La madera para uso estructural viene clasificada seg\u00fan distintos grados en funci\u00f3n de su resistencia en sistemas de estructuras y aplicaciones residenciales, comerciales con entramado ligero y de construcci\u00f3n m\u00e1s pesada. Las especies americanas m\u00e1s ampliamente utilizadas en estructuras son el pino amarillo del sur y el Pino Oreg\u00f3n o Abeto Douglas.<\/p>\n<p>Entre los usos de construcci\u00f3n estructural m\u00e1s comunes se incluyen:<\/p>\n<ul>\n<li>Iglesias<\/li>\n<li>Tiendas<\/li>\n<li>Escuelas<\/li>\n<li>Polideportivos<\/li>\n<li>Piscinas<\/li>\n<li>Teatros<\/li>\n<\/ul>\n<p>Los productos de madera estructural suelen comercailizarse y recomendarse para un uso final que depende de las combinaciones de especies. As\u00ed,\u00a0 los valores de dise\u00f1o se asignan\u00a0 seg\u00fan especies. Es posible aplicar factores de ajuste a la madera estructural con el fin de calcular el rendimiento de las piezas de distintos tama\u00f1os en su uso final. Los resultados son publicados por distintas instituciones p\u00fablicas de los pa\u00edses de destino. American Softwoods cumple con las normativas BS 5268 Pt 2: 1996 y EN 1912 \u201cMadera estructural \u2013 Clasificaci\u00f3n de la resistencia\u201d.<\/p>\n<div class=\"hr\"><\/div>\n<h2>Exteriores<\/h2>\n<p>Los productos de madera\u00a0 tratados a presi\u00f3n ofrecen un servicio muy fiable durante d\u00e9cadas, a\u00fan en los climas m\u00e1s extremos. El Pino Amarillo del Sur es la especie preferida cuando se requiere un tratamiento de presi\u00f3n con productos protectores de la madera. La estructura celular \u00fanica del pino amarillo del sur permite una penetraci\u00f3n profunda y uniforme de los productos protectores, con lo que queda inutilizado como alimento para hongos, termitas y microorganismos.<\/p>\n<p>Entre los usos m\u00e1s comunes en exteriores de la madera tratada con protectores,\u00a0 se incluyen:<\/p>\n<ul>\n<li>Paseos mar\u00edtimos<\/li>\n<li>Puertos deportivos y embarcaderos<\/li>\n<li>Revestimientos<\/li>\n<li>Parques infantiles<\/li>\n<li>Puentes<\/li>\n<li>Tarimas para exteriores<\/li>\n<\/ul>\n<p>Los productos de madera estructural suelen comercializarse y recomendarse para un uso final que depende de las combinaciones de especies, estando los valores de dise\u00f1o asignados seg\u00fan especie. Es posible aplicar factores de ajuste a la madera estructural con el fin de calcular el rendimiento de las piezas de distintos tama\u00f1os en su uso final. Los resultados son publicados por distintas instituciones p\u00fablicas de los pa\u00edses de destino. American Softwoods cumple con las normativas BS 5268 Pt 2: 1996 y EN 1912 \u201cMadera estructural \u2013 Clasificaci\u00f3n de la resistencia\u201d.<\/p>\n<h2>Gu\u00eda de clasificaci\u00f3n de usos<\/h2>\n<p>Para el uso en exteriores es importante especificar la clase adecuada de uso de la madera\u00a0 y el nivel de retenci\u00f3n de conservantes apropiado para evitar que se pudra y desintegre. En nivel de protecci\u00f3n necesario depende del uso final que se vaya a dar a la madera. Por ejemplo, la madera empleada para los per\u00edmetros de piscinas requerir\u00e1 un nivel de tratamiento de conservaci\u00f3n muy superior al de las vigas de una planta baja al interior.<\/p>\n<p>&nbsp;<\/p>\n<p class=\"p1\">\n","protected":false},"excerpt":{"rendered":"<p>Ebanister\u00eda Los veteados y texturas de alta calidad de las con\u00edferas de Estados Unidos llevan largo tiempo demostrando su utilidad\u00a0 para distintos usos en interior. Tanto en su acabado natural como pintados o con tintes, dichos productos contribuyen a mejorar el interior de los hogares tanto tradicionales como m\u00e1s modernos. American Softwoods est\u00e1 recibiendo recibe [&hellip;]<\/p>\n","protected":false},"author":1,"featured_media":2001,"parent":0,"menu_order":6,"comment_status":"closed","ping_status":"closed","template":"","meta":{"_acf_changed":false,"_monsterinsights_skip_tracking":false,"_monsterinsights_sitenote_active":false,"_monsterinsights_sitenote_note":"","_monsterinsights_sitenote_category":0,"footnotes":""},"class_list":["post-2337","page","type-page","status-publish","has-post-thumbnail","hentry"],"acf":[],"yoast_head":"<!-- This site is optimized with the Yoast SEO plugin v27.4 - https:\/\/yoast.com\/product\/yoast-seo-wordpress\/ -->\n<title>Aplicaciones m\u00e1s comunes - American Softwood<\/title>\n<meta name=\"robots\" content=\"index, follow, max-snippet:-1, max-image-preview:large, max-video-preview:-1\" \/>\n<link rel=\"canonical\" href=\"https:\/\/americansoftwoods.com\/es\/typical-applications\/\" \/>\n<meta property=\"og:locale\" content=\"es_ES\" \/>\n<meta property=\"og:type\" content=\"article\" \/>\n<meta property=\"og:title\" content=\"Aplicaciones m\u00e1s comunes - American Softwood\" \/>\n<meta property=\"og:description\" content=\"Ebanister\u00eda Los veteados y texturas de alta calidad de las con\u00edferas de Estados Unidos llevan largo tiempo demostrando su utilidad\u00a0 para distintos usos en interior. Tanto en su acabado natural como pintados o con tintes, dichos productos contribuyen a mejorar el interior de los hogares tanto tradicionales como m\u00e1s modernos. American Softwoods est\u00e1 recibiendo recibe [&hellip;]\" \/>\n<meta property=\"og:url\" content=\"https:\/\/americansoftwoods.com\/es\/typical-applications\/\" \/>\n<meta property=\"og:site_name\" content=\"American Softwood\" \/>\n<meta property=\"article:modified_time\" content=\"2017-06-20T19:13:04+00:00\" \/>\n<meta property=\"og:image\" content=\"https:\/\/americansoftwoods.com\/wp-content\/uploads\/2016\/12\/typicalapppage_bedroom.jpg\" \/>\n\t<meta property=\"og:image:width\" content=\"1400\" \/>\n\t<meta property=\"og:image:height\" content=\"435\" \/>\n\t<meta property=\"og:image:type\" content=\"image\/jpeg\" \/>\n<meta name=\"twitter:card\" content=\"summary_large_image\" \/>\n<meta name=\"twitter:label1\" content=\"Tiempo de lectura\" \/>\n\t<meta name=\"twitter:data1\" content=\"3 minutos\" \/>\n<script type=\"application\/ld+json\" class=\"yoast-schema-graph\">{\"@context\":\"https:\\\/\\\/schema.org\",\"@graph\":[{\"@type\":\"WebPage\",\"@id\":\"https:\\\/\\\/americansoftwoods.com\\\/es\\\/typical-applications\\\/\",\"url\":\"https:\\\/\\\/americansoftwoods.com\\\/es\\\/typical-applications\\\/\",\"name\":\"Aplicaciones m\u00e1s comunes - American Softwood\",\"isPartOf\":{\"@id\":\"https:\\\/\\\/americansoftwoods.com\\\/#website\"},\"primaryImageOfPage\":{\"@id\":\"https:\\\/\\\/americansoftwoods.com\\\/es\\\/typical-applications\\\/#primaryimage\"},\"image\":{\"@id\":\"https:\\\/\\\/americansoftwoods.com\\\/es\\\/typical-applications\\\/#primaryimage\"},\"thumbnailUrl\":\"https:\\\/\\\/americansoftwoods.com\\\/wp-content\\\/uploads\\\/2016\\\/12\\\/typicalapppage_bedroom.jpg\",\"datePublished\":\"2016-12-06T17:06:01+00:00\",\"dateModified\":\"2017-06-20T19:13:04+00:00\",\"breadcrumb\":{\"@id\":\"https:\\\/\\\/americansoftwoods.com\\\/es\\\/typical-applications\\\/#breadcrumb\"},\"inLanguage\":\"es\",\"potentialAction\":[{\"@type\":\"ReadAction\",\"target\":[\"https:\\\/\\\/americansoftwoods.com\\\/es\\\/typical-applications\\\/\"]}]},{\"@type\":\"ImageObject\",\"inLanguage\":\"es\",\"@id\":\"https:\\\/\\\/americansoftwoods.com\\\/es\\\/typical-applications\\\/#primaryimage\",\"url\":\"https:\\\/\\\/americansoftwoods.com\\\/wp-content\\\/uploads\\\/2016\\\/12\\\/typicalapppage_bedroom.jpg\",\"contentUrl\":\"https:\\\/\\\/americansoftwoods.com\\\/wp-content\\\/uploads\\\/2016\\\/12\\\/typicalapppage_bedroom.jpg\",\"width\":1400,\"height\":435},{\"@type\":\"BreadcrumbList\",\"@id\":\"https:\\\/\\\/americansoftwoods.com\\\/es\\\/typical-applications\\\/#breadcrumb\",\"itemListElement\":[{\"@type\":\"ListItem\",\"position\":1,\"name\":\"Home\",\"item\":\"https:\\\/\\\/americansoftwoods.com\\\/es\\\/\"},{\"@type\":\"ListItem\",\"position\":2,\"name\":\"Aplicaciones m\u00e1s comunes\"}]},{\"@type\":\"WebSite\",\"@id\":\"https:\\\/\\\/americansoftwoods.com\\\/#website\",\"url\":\"https:\\\/\\\/americansoftwoods.com\\\/\",\"name\":\"American Softwood\",\"description\":\"World-Renowned Softwood\",\"potentialAction\":[{\"@type\":\"SearchAction\",\"target\":{\"@type\":\"EntryPoint\",\"urlTemplate\":\"https:\\\/\\\/americansoftwoods.com\\\/?s={search_term_string}\"},\"query-input\":{\"@type\":\"PropertyValueSpecification\",\"valueRequired\":true,\"valueName\":\"search_term_string\"}}],\"inLanguage\":\"es\"}]}<\/script>\n<!-- \/ Yoast SEO plugin. -->","yoast_head_json":{"title":"Aplicaciones m\u00e1s comunes - American Softwood","robots":{"index":"index","follow":"follow","max-snippet":"max-snippet:-1","max-image-preview":"max-image-preview:large","max-video-preview":"max-video-preview:-1"},"canonical":"https:\/\/americansoftwoods.com\/es\/typical-applications\/","og_locale":"es_ES","og_type":"article","og_title":"Aplicaciones m\u00e1s comunes - American Softwood","og_description":"Ebanister\u00eda Los veteados y texturas de alta calidad de las con\u00edferas de Estados Unidos llevan largo tiempo demostrando su utilidad\u00a0 para distintos usos en interior. Tanto en su acabado natural como pintados o con tintes, dichos productos contribuyen a mejorar el interior de los hogares tanto tradicionales como m\u00e1s modernos. American Softwoods est\u00e1 recibiendo recibe [&hellip;]","og_url":"https:\/\/americansoftwoods.com\/es\/typical-applications\/","og_site_name":"American Softwood","article_modified_time":"2017-06-20T19:13:04+00:00","og_image":[{"width":1400,"height":435,"url":"https:\/\/americansoftwoods.com\/wp-content\/uploads\/2016\/12\/typicalapppage_bedroom.jpg","type":"image\/jpeg"}],"twitter_card":"summary_large_image","twitter_misc":{"Tiempo de lectura":"3 minutos"},"schema":{"@context":"https:\/\/schema.org","@graph":[{"@type":"WebPage","@id":"https:\/\/americansoftwoods.com\/es\/typical-applications\/","url":"https:\/\/americansoftwoods.com\/es\/typical-applications\/","name":"Aplicaciones m\u00e1s comunes - American Softwood","isPartOf":{"@id":"https:\/\/americansoftwoods.com\/#website"},"primaryImageOfPage":{"@id":"https:\/\/americansoftwoods.com\/es\/typical-applications\/#primaryimage"},"image":{"@id":"https:\/\/americansoftwoods.com\/es\/typical-applications\/#primaryimage"},"thumbnailUrl":"https:\/\/americansoftwoods.com\/wp-content\/uploads\/2016\/12\/typicalapppage_bedroom.jpg","datePublished":"2016-12-06T17:06:01+00:00","dateModified":"2017-06-20T19:13:04+00:00","breadcrumb":{"@id":"https:\/\/americansoftwoods.com\/es\/typical-applications\/#breadcrumb"},"inLanguage":"es","potentialAction":[{"@type":"ReadAction","target":["https:\/\/americansoftwoods.com\/es\/typical-applications\/"]}]},{"@type":"ImageObject","inLanguage":"es","@id":"https:\/\/americansoftwoods.com\/es\/typical-applications\/#primaryimage","url":"https:\/\/americansoftwoods.com\/wp-content\/uploads\/2016\/12\/typicalapppage_bedroom.jpg","contentUrl":"https:\/\/americansoftwoods.com\/wp-content\/uploads\/2016\/12\/typicalapppage_bedroom.jpg","width":1400,"height":435},{"@type":"BreadcrumbList","@id":"https:\/\/americansoftwoods.com\/es\/typical-applications\/#breadcrumb","itemListElement":[{"@type":"ListItem","position":1,"name":"Home","item":"https:\/\/americansoftwoods.com\/es\/"},{"@type":"ListItem","position":2,"name":"Aplicaciones m\u00e1s comunes"}]},{"@type":"WebSite","@id":"https:\/\/americansoftwoods.com\/#website","url":"https:\/\/americansoftwoods.com\/","name":"American Softwood","description":"World-Renowned Softwood","potentialAction":[{"@type":"SearchAction","target":{"@type":"EntryPoint","urlTemplate":"https:\/\/americansoftwoods.com\/?s={search_term_string}"},"query-input":{"@type":"PropertyValueSpecification","valueRequired":true,"valueName":"search_term_string"}}],"inLanguage":"es"}]}},"_links":{"self":[{"href":"https:\/\/americansoftwoods.com\/es\/wp-json\/wp\/v2\/pages\/2337","targetHints":{"allow":["GET"]}}],"collection":[{"href":"https:\/\/americansoftwoods.com\/es\/wp-json\/wp\/v2\/pages"}],"about":[{"href":"https:\/\/americansoftwoods.com\/es\/wp-json\/wp\/v2\/types\/page"}],"author":[{"embeddable":true,"href":"https:\/\/americansoftwoods.com\/es\/wp-json\/wp\/v2\/users\/1"}],"replies":[{"embeddable":true,"href":"https:\/\/americansoftwoods.com\/es\/wp-json\/wp\/v2\/comments?post=2337"}],"version-history":[{"count":0,"href":"https:\/\/americansoftwoods.com\/es\/wp-json\/wp\/v2\/pages\/2337\/revisions"}],"wp:featuredmedia":[{"embeddable":true,"href":"https:\/\/americansoftwoods.com\/es\/wp-json\/wp\/v2\/media\/2001"}],"wp:attachment":[{"href":"https:\/\/americansoftwoods.com\/es\/wp-json\/wp\/v2\/media?parent=2337"}],"curies":[{"name":"wp","href":"https:\/\/api.w.org\/{rel}","templated":true}]}}