{"id":1856,"date":"2016-12-29T21:03:50","date_gmt":"2016-12-29T21:03:50","guid":{"rendered":"http:\/\/softwoods.wpengine.com\/fr\/typical-applications\/structural\/"},"modified":"2017-08-23T17:02:01","modified_gmt":"2017-08-23T17:02:01","slug":"structural","status":"publish","type":"page","link":"https:\/\/americansoftwoods.com\/fr\/typical-applications\/structural\/","title":{"rendered":"Construction"},"content":{"rendered":"<p class=\"p1\">Le bois de charpente est class\u00e9 en fonction de sa capacit\u00e9 portante et de sa capacit\u00e9 de charge dans les syst\u00e8mes de charpente des constructions lourdes, commerciales l\u00e9g\u00e8res et r\u00e9sidentielles. Les principales essences am\u00e9ricaines pour les charpentes sont le sapin de Douglas et le pin jaune du sud.<\/p>\n<p class=\"p1\">Les applications types dans le domaine de la construction sont les suivantes ::<\/p>\n<ul>\n<li>\u00c9glises<\/li>\n<li>Centres commerciaux<\/li>\n<li>\u00c9coles<\/li>\n<li>Complexes sportifs<\/li>\n<li>Piscines<\/li>\n<li>Th\u00e9\u00e2tres<\/li>\n<\/ul>\n<p class=\"p1\">Les produits de charpente en bois sont g\u00e9n\u00e9ralement achet\u00e9s, vendus et sp\u00e9cifi\u00e9s pour un usage final en fonction des associations d&rsquo;essences, des valeurs de conception \u00e9tant attribu\u00e9es \u00e0 chaque esp\u00e8ce. On peut appliquer des coefficients correcteurs au bois de charpente pour calculer les performances d&rsquo;\u00e9l\u00e9ments de tailles diff\u00e9rentes, en fonction de leur utilisation finale. Ces informations sont publi\u00e9es par divers organismes gouvernementaux dans les pays de destination. Les r\u00e9sineux am\u00e9ricains sont conformes \u00e0 la norme britannique BS 5268 Pt 2\u00a0: 1996 et \u00e0 la norme europ\u00e9enne EN 1912 \u00ab\u00a0Bois de structure &#8211; Classes de r\u00e9sistance.\u00a0\u00bb<\/p>\n","protected":false},"excerpt":{"rendered":"<p>Le bois de charpente est class\u00e9 en fonction de sa capacit\u00e9 portante et de sa capacit\u00e9 de charge dans les syst\u00e8mes de charpente des constructions lourdes, commerciales l\u00e9g\u00e8res et r\u00e9sidentielles. Les principales essences am\u00e9ricaines pour les charpentes sont le sapin de Douglas et le pin jaune du sud. Les applications types dans le domaine de [&hellip;]<\/p>\n","protected":false},"author":1,"featured_media":1664,"parent":1155,"menu_order":0,"comment_status":"closed","ping_status":"closed","template":"","meta":{"_acf_changed":false,"_monsterinsights_skip_tracking":false,"_monsterinsights_sitenote_active":false,"_monsterinsights_sitenote_note":"","_monsterinsights_sitenote_category":0,"footnotes":""},"class_list":["post-1856","page","type-page","status-publish","has-post-thumbnail","hentry"],"acf":[],"yoast_head":"<!-- This site is optimized with the Yoast SEO plugin v27.4 - https:\/\/yoast.com\/product\/yoast-seo-wordpress\/ -->\n<title>Construction - American Softwood<\/title>\n<meta name=\"robots\" content=\"index, follow, max-snippet:-1, max-image-preview:large, max-video-preview:-1\" \/>\n<link rel=\"canonical\" href=\"https:\/\/americansoftwoods.com\/fr\/typical-applications\/structural\/\" \/>\n<meta property=\"og:locale\" content=\"fr_FR\" \/>\n<meta property=\"og:type\" content=\"article\" \/>\n<meta property=\"og:title\" content=\"Construction - American Softwood\" \/>\n<meta property=\"og:description\" content=\"Le bois de charpente est class\u00e9 en fonction de sa capacit\u00e9 portante et de sa capacit\u00e9 de charge dans les syst\u00e8mes de charpente des constructions lourdes, commerciales l\u00e9g\u00e8res et r\u00e9sidentielles. Les principales essences am\u00e9ricaines pour les charpentes sont le sapin de Douglas et le pin jaune du sud. Les applications types dans le domaine de [&hellip;]\" \/>\n<meta property=\"og:url\" content=\"https:\/\/americansoftwoods.com\/fr\/typical-applications\/structural\/\" \/>\n<meta property=\"og:site_name\" content=\"American Softwood\" \/>\n<meta property=\"article:modified_time\" content=\"2017-08-23T17:02:01+00:00\" \/>\n<meta property=\"og:image\" content=\"https:\/\/americansoftwoods.com\/wp-content\/uploads\/2016\/12\/STRUCTURAL.jpg\" \/>\n\t<meta property=\"og:image:width\" content=\"1400\" \/>\n\t<meta property=\"og:image:height\" content=\"617\" \/>\n\t<meta property=\"og:image:type\" content=\"image\/jpeg\" \/>\n<meta name=\"twitter:card\" content=\"summary_large_image\" \/>\n<meta name=\"twitter:label1\" content=\"Dur\u00e9e de lecture estim\u00e9e\" \/>\n\t<meta name=\"twitter:data1\" content=\"1 minute\" \/>\n<script type=\"application\/ld+json\" class=\"yoast-schema-graph\">{\"@context\":\"https:\\\/\\\/schema.org\",\"@graph\":[{\"@type\":\"WebPage\",\"@id\":\"https:\\\/\\\/americansoftwoods.com\\\/fr\\\/typical-applications\\\/structural\\\/\",\"url\":\"https:\\\/\\\/americansoftwoods.com\\\/fr\\\/typical-applications\\\/structural\\\/\",\"name\":\"Construction - American Softwood\",\"isPartOf\":{\"@id\":\"https:\\\/\\\/americansoftwoods.com\\\/#website\"},\"primaryImageOfPage\":{\"@id\":\"https:\\\/\\\/americansoftwoods.com\\\/fr\\\/typical-applications\\\/structural\\\/#primaryimage\"},\"image\":{\"@id\":\"https:\\\/\\\/americansoftwoods.com\\\/fr\\\/typical-applications\\\/structural\\\/#primaryimage\"},\"thumbnailUrl\":\"https:\\\/\\\/americansoftwoods.com\\\/wp-content\\\/uploads\\\/2016\\\/12\\\/STRUCTURAL.jpg\",\"datePublished\":\"2016-12-29T21:03:50+00:00\",\"dateModified\":\"2017-08-23T17:02:01+00:00\",\"breadcrumb\":{\"@id\":\"https:\\\/\\\/americansoftwoods.com\\\/fr\\\/typical-applications\\\/structural\\\/#breadcrumb\"},\"inLanguage\":\"fr-FR\",\"potentialAction\":[{\"@type\":\"ReadAction\",\"target\":[\"https:\\\/\\\/americansoftwoods.com\\\/fr\\\/typical-applications\\\/structural\\\/\"]}]},{\"@type\":\"ImageObject\",\"inLanguage\":\"fr-FR\",\"@id\":\"https:\\\/\\\/americansoftwoods.com\\\/fr\\\/typical-applications\\\/structural\\\/#primaryimage\",\"url\":\"https:\\\/\\\/americansoftwoods.com\\\/wp-content\\\/uploads\\\/2016\\\/12\\\/STRUCTURAL.jpg\",\"contentUrl\":\"https:\\\/\\\/americansoftwoods.com\\\/wp-content\\\/uploads\\\/2016\\\/12\\\/STRUCTURAL.jpg\",\"width\":1400,\"height\":617},{\"@type\":\"BreadcrumbList\",\"@id\":\"https:\\\/\\\/americansoftwoods.com\\\/fr\\\/typical-applications\\\/structural\\\/#breadcrumb\",\"itemListElement\":[{\"@type\":\"ListItem\",\"position\":1,\"name\":\"Home\",\"item\":\"https:\\\/\\\/americansoftwoods.com\\\/fr\\\/\"},{\"@type\":\"ListItem\",\"position\":2,\"name\":\"Applications types\",\"item\":\"https:\\\/\\\/americansoftwoods.com\\\/fr\\\/typical-applications\\\/\"},{\"@type\":\"ListItem\",\"position\":3,\"name\":\"Construction\"}]},{\"@type\":\"WebSite\",\"@id\":\"https:\\\/\\\/americansoftwoods.com\\\/#website\",\"url\":\"https:\\\/\\\/americansoftwoods.com\\\/\",\"name\":\"American Softwood\",\"description\":\"World-Renowned Softwood\",\"potentialAction\":[{\"@type\":\"SearchAction\",\"target\":{\"@type\":\"EntryPoint\",\"urlTemplate\":\"https:\\\/\\\/americansoftwoods.com\\\/?s={search_term_string}\"},\"query-input\":{\"@type\":\"PropertyValueSpecification\",\"valueRequired\":true,\"valueName\":\"search_term_string\"}}],\"inLanguage\":\"fr-FR\"}]}<\/script>\n<!-- \/ Yoast SEO plugin. -->","yoast_head_json":{"title":"Construction - American Softwood","robots":{"index":"index","follow":"follow","max-snippet":"max-snippet:-1","max-image-preview":"max-image-preview:large","max-video-preview":"max-video-preview:-1"},"canonical":"https:\/\/americansoftwoods.com\/fr\/typical-applications\/structural\/","og_locale":"fr_FR","og_type":"article","og_title":"Construction - American Softwood","og_description":"Le bois de charpente est class\u00e9 en fonction de sa capacit\u00e9 portante et de sa capacit\u00e9 de charge dans les syst\u00e8mes de charpente des constructions lourdes, commerciales l\u00e9g\u00e8res et r\u00e9sidentielles. Les principales essences am\u00e9ricaines pour les charpentes sont le sapin de Douglas et le pin jaune du sud. Les applications types dans le domaine de [&hellip;]","og_url":"https:\/\/americansoftwoods.com\/fr\/typical-applications\/structural\/","og_site_name":"American Softwood","article_modified_time":"2017-08-23T17:02:01+00:00","og_image":[{"width":1400,"height":617,"url":"https:\/\/americansoftwoods.com\/wp-content\/uploads\/2016\/12\/STRUCTURAL.jpg","type":"image\/jpeg"}],"twitter_card":"summary_large_image","twitter_misc":{"Dur\u00e9e de lecture estim\u00e9e":"1 minute"},"schema":{"@context":"https:\/\/schema.org","@graph":[{"@type":"WebPage","@id":"https:\/\/americansoftwoods.com\/fr\/typical-applications\/structural\/","url":"https:\/\/americansoftwoods.com\/fr\/typical-applications\/structural\/","name":"Construction - American Softwood","isPartOf":{"@id":"https:\/\/americansoftwoods.com\/#website"},"primaryImageOfPage":{"@id":"https:\/\/americansoftwoods.com\/fr\/typical-applications\/structural\/#primaryimage"},"image":{"@id":"https:\/\/americansoftwoods.com\/fr\/typical-applications\/structural\/#primaryimage"},"thumbnailUrl":"https:\/\/americansoftwoods.com\/wp-content\/uploads\/2016\/12\/STRUCTURAL.jpg","datePublished":"2016-12-29T21:03:50+00:00","dateModified":"2017-08-23T17:02:01+00:00","breadcrumb":{"@id":"https:\/\/americansoftwoods.com\/fr\/typical-applications\/structural\/#breadcrumb"},"inLanguage":"fr-FR","potentialAction":[{"@type":"ReadAction","target":["https:\/\/americansoftwoods.com\/fr\/typical-applications\/structural\/"]}]},{"@type":"ImageObject","inLanguage":"fr-FR","@id":"https:\/\/americansoftwoods.com\/fr\/typical-applications\/structural\/#primaryimage","url":"https:\/\/americansoftwoods.com\/wp-content\/uploads\/2016\/12\/STRUCTURAL.jpg","contentUrl":"https:\/\/americansoftwoods.com\/wp-content\/uploads\/2016\/12\/STRUCTURAL.jpg","width":1400,"height":617},{"@type":"BreadcrumbList","@id":"https:\/\/americansoftwoods.com\/fr\/typical-applications\/structural\/#breadcrumb","itemListElement":[{"@type":"ListItem","position":1,"name":"Home","item":"https:\/\/americansoftwoods.com\/fr\/"},{"@type":"ListItem","position":2,"name":"Applications types","item":"https:\/\/americansoftwoods.com\/fr\/typical-applications\/"},{"@type":"ListItem","position":3,"name":"Construction"}]},{"@type":"WebSite","@id":"https:\/\/americansoftwoods.com\/#website","url":"https:\/\/americansoftwoods.com\/","name":"American Softwood","description":"World-Renowned Softwood","potentialAction":[{"@type":"SearchAction","target":{"@type":"EntryPoint","urlTemplate":"https:\/\/americansoftwoods.com\/?s={search_term_string}"},"query-input":{"@type":"PropertyValueSpecification","valueRequired":true,"valueName":"search_term_string"}}],"inLanguage":"fr-FR"}]}},"_links":{"self":[{"href":"https:\/\/americansoftwoods.com\/fr\/wp-json\/wp\/v2\/pages\/1856","targetHints":{"allow":["GET"]}}],"collection":[{"href":"https:\/\/americansoftwoods.com\/fr\/wp-json\/wp\/v2\/pages"}],"about":[{"href":"https:\/\/americansoftwoods.com\/fr\/wp-json\/wp\/v2\/types\/page"}],"author":[{"embeddable":true,"href":"https:\/\/americansoftwoods.com\/fr\/wp-json\/wp\/v2\/users\/1"}],"replies":[{"embeddable":true,"href":"https:\/\/americansoftwoods.com\/fr\/wp-json\/wp\/v2\/comments?post=1856"}],"version-history":[{"count":0,"href":"https:\/\/americansoftwoods.com\/fr\/wp-json\/wp\/v2\/pages\/1856\/revisions"}],"up":[{"embeddable":true,"href":"https:\/\/americansoftwoods.com\/fr\/wp-json\/wp\/v2\/pages\/1155"}],"wp:featuredmedia":[{"embeddable":true,"href":"https:\/\/americansoftwoods.com\/fr\/wp-json\/wp\/v2\/media\/1664"}],"wp:attachment":[{"href":"https:\/\/americansoftwoods.com\/fr\/wp-json\/wp\/v2\/media?parent=1856"}],"curies":[{"name":"wp","href":"https:\/\/api.w.org\/{rel}","templated":true}]}}