{"id":1924,"date":"2016-12-29T20:04:10","date_gmt":"2016-12-29T20:04:10","guid":{"rendered":"http:\/\/softwoods.wpengine.com\/fr\/low-carbon\/"},"modified":"2017-08-11T15:03:26","modified_gmt":"2017-08-11T15:03:26","slug":"low-carbon","status":"publish","type":"page","link":"https:\/\/americansoftwoods.com\/fr\/sustainability\/low-carbon\/","title":{"rendered":"Le choix en faveur de la r\u00e9duction des \u00e9missions carbone"},"content":{"rendered":"<p class=\"p1\">Aucun autre mat\u00e9riau ne parvient \u00e0 \u00e9galer les avantages uniques que procure le bois. Il est tout \u00e0 la fois l\u00e9ger, r\u00e9sistant, facile \u00e0 travailler, \u00e9conomique et esth\u00e9tique. Par ailleurs, \u00e9tant donn\u00e9 l&rsquo;importance que rev\u00eatent le d\u00e9veloppement durable et la r\u00e9duction des \u00e9missions carbone pour l&rsquo;ensemble du secteur de la construction, les avantages environnementaux du bois en font aujourd&rsquo;hui le mat\u00e9riau de construction id\u00e9al\u00a0:<\/p>\n<ul>\n<li class=\"p1\">il s&rsquo;agit du seul mat\u00e9riau de construction naturellement renouvelable<\/li>\n<li class=\"p1\">Il est le seul mat\u00e9riau de construction \u00e0 offrir une garantie de v\u00e9rification par un tiers de sa gestion responsable, par le biais de programmes internationaux de certification foresti\u00e8re, tels que le <a href=\"https:\/\/us.fsc.org\/en-us\">Forest Stewardship Council (FSC)<\/a>, le <a href=\"https:\/\/www.pefc.org\/\">Programme for the Endorsement of Forest Certification (PEFC)<\/a>, la <a href=\"http:\/\/www.sfiprogram.org\/\">Sustainable Forestry Initiative (SFI)<\/a> et d&rsquo;autres initiatives comme<a href=\"https:\/\/www.treefarmsystem.org\/\"> l&rsquo;American Tree Farm System<\/a>.<\/li>\n<li class=\"p1\">Ce mat\u00e9riau r\u00e9utilisable et recyclable peut \u00eatre utilis\u00e9 comme biocombustible et il est biod\u00e9gradable<\/li>\n<li class=\"p1\">Il poss\u00e8de des propri\u00e9t\u00e9s d&rsquo;isolation bien meilleures que celles des autres mat\u00e9riaux de construction.<\/li>\n<li class=\"p1\">Les arbres requi\u00e8rent moins d&rsquo;\u00e9nergie (et donc moins d&rsquo;\u00e9missions de CO2) que ce soit pour leur coupe ou leur transformation en produits finis que n&rsquo;importe quel autre mat\u00e9riau de construction.<\/li>\n<li class=\"p1\">La croissance des arbres permet d&rsquo;\u00e9liminer du CO2 de l&rsquo;atmosph\u00e8re et de d\u00e9gager de l&rsquo;oxyg\u00e8ne essentiel au maintien de la vie<\/li>\n<li class=\"p1\">Les articles en bois emmagasinent le CO2, ainsi \u00e9limin\u00e9 de l&rsquo;atmosph\u00e8re, tout en favorisant le d\u00e9veloppement de la gestion responsable des for\u00eats, pour une absorption encore sup\u00e9rieure de CO2.<\/li>\n<\/ul>\n","protected":false},"excerpt":{"rendered":"<p>Aucun autre mat\u00e9riau ne parvient \u00e0 \u00e9galer les avantages uniques que procure le bois. Il est tout \u00e0 la fois l\u00e9ger, r\u00e9sistant, facile \u00e0 travailler, \u00e9conomique et esth\u00e9tique. Par ailleurs, \u00e9tant donn\u00e9 l&rsquo;importance que rev\u00eatent le d\u00e9veloppement durable et la r\u00e9duction des \u00e9missions carbone pour l&rsquo;ensemble du secteur de la construction, les avantages environnementaux du [&hellip;]<\/p>\n","protected":false},"author":1,"featured_media":1698,"parent":1945,"menu_order":0,"comment_status":"closed","ping_status":"closed","template":"","meta":{"_acf_changed":false,"_monsterinsights_skip_tracking":false,"_monsterinsights_sitenote_active":false,"_monsterinsights_sitenote_note":"","_monsterinsights_sitenote_category":0,"footnotes":""},"class_list":["post-1924","page","type-page","status-publish","has-post-thumbnail","hentry"],"acf":[],"yoast_head":"<!-- This site is optimized with the Yoast SEO plugin v27.4 - https:\/\/yoast.com\/product\/yoast-seo-wordpress\/ -->\n<title>Le choix en faveur de la r\u00e9duction des \u00e9missions carbone - American Softwood<\/title>\n<meta name=\"robots\" content=\"index, follow, max-snippet:-1, max-image-preview:large, max-video-preview:-1\" \/>\n<link rel=\"canonical\" href=\"https:\/\/americansoftwoods.com\/fr\/sustainability\/low-carbon\/\" \/>\n<meta property=\"og:locale\" content=\"fr_FR\" \/>\n<meta property=\"og:type\" content=\"article\" \/>\n<meta property=\"og:title\" content=\"Le choix en faveur de la r\u00e9duction des \u00e9missions carbone - American Softwood\" \/>\n<meta property=\"og:description\" content=\"Aucun autre mat\u00e9riau ne parvient \u00e0 \u00e9galer les avantages uniques que procure le bois. Il est tout \u00e0 la fois l\u00e9ger, r\u00e9sistant, facile \u00e0 travailler, \u00e9conomique et esth\u00e9tique. Par ailleurs, \u00e9tant donn\u00e9 l&rsquo;importance que rev\u00eatent le d\u00e9veloppement durable et la r\u00e9duction des \u00e9missions carbone pour l&rsquo;ensemble du secteur de la construction, les avantages environnementaux du [&hellip;]\" \/>\n<meta property=\"og:url\" content=\"https:\/\/americansoftwoods.com\/fr\/sustainability\/low-carbon\/\" \/>\n<meta property=\"og:site_name\" content=\"American Softwood\" \/>\n<meta property=\"article:modified_time\" content=\"2017-08-11T15:03:26+00:00\" \/>\n<meta property=\"og:image\" content=\"https:\/\/americansoftwoods.com\/wp-content\/uploads\/2016\/12\/LOWcarbon.jpg\" \/>\n\t<meta property=\"og:image:width\" content=\"1600\" \/>\n\t<meta property=\"og:image:height\" content=\"376\" \/>\n\t<meta property=\"og:image:type\" content=\"image\/jpeg\" \/>\n<meta name=\"twitter:card\" content=\"summary_large_image\" \/>\n<meta name=\"twitter:label1\" content=\"Dur\u00e9e de lecture estim\u00e9e\" \/>\n\t<meta name=\"twitter:data1\" content=\"1 minute\" \/>\n<script type=\"application\/ld+json\" class=\"yoast-schema-graph\">{\"@context\":\"https:\\\/\\\/schema.org\",\"@graph\":[{\"@type\":\"WebPage\",\"@id\":\"https:\\\/\\\/americansoftwoods.com\\\/fr\\\/sustainability\\\/low-carbon\\\/\",\"url\":\"https:\\\/\\\/americansoftwoods.com\\\/fr\\\/sustainability\\\/low-carbon\\\/\",\"name\":\"Le choix en faveur de la r\u00e9duction des \u00e9missions carbone - American Softwood\",\"isPartOf\":{\"@id\":\"https:\\\/\\\/americansoftwoods.com\\\/#website\"},\"primaryImageOfPage\":{\"@id\":\"https:\\\/\\\/americansoftwoods.com\\\/fr\\\/sustainability\\\/low-carbon\\\/#primaryimage\"},\"image\":{\"@id\":\"https:\\\/\\\/americansoftwoods.com\\\/fr\\\/sustainability\\\/low-carbon\\\/#primaryimage\"},\"thumbnailUrl\":\"https:\\\/\\\/americansoftwoods.com\\\/wp-content\\\/uploads\\\/2016\\\/12\\\/LOWcarbon.jpg\",\"datePublished\":\"2016-12-29T20:04:10+00:00\",\"dateModified\":\"2017-08-11T15:03:26+00:00\",\"breadcrumb\":{\"@id\":\"https:\\\/\\\/americansoftwoods.com\\\/fr\\\/sustainability\\\/low-carbon\\\/#breadcrumb\"},\"inLanguage\":\"fr-FR\",\"potentialAction\":[{\"@type\":\"ReadAction\",\"target\":[\"https:\\\/\\\/americansoftwoods.com\\\/fr\\\/sustainability\\\/low-carbon\\\/\"]}]},{\"@type\":\"ImageObject\",\"inLanguage\":\"fr-FR\",\"@id\":\"https:\\\/\\\/americansoftwoods.com\\\/fr\\\/sustainability\\\/low-carbon\\\/#primaryimage\",\"url\":\"https:\\\/\\\/americansoftwoods.com\\\/wp-content\\\/uploads\\\/2016\\\/12\\\/LOWcarbon.jpg\",\"contentUrl\":\"https:\\\/\\\/americansoftwoods.com\\\/wp-content\\\/uploads\\\/2016\\\/12\\\/LOWcarbon.jpg\",\"width\":1600,\"height\":376},{\"@type\":\"BreadcrumbList\",\"@id\":\"https:\\\/\\\/americansoftwoods.com\\\/fr\\\/sustainability\\\/low-carbon\\\/#breadcrumb\",\"itemListElement\":[{\"@type\":\"ListItem\",\"position\":1,\"name\":\"Home\",\"item\":\"https:\\\/\\\/americansoftwoods.com\\\/fr\\\/\"},{\"@type\":\"ListItem\",\"position\":2,\"name\":\"Durabilit\u00e9\",\"item\":\"https:\\\/\\\/americansoftwoods.com\\\/fr\\\/sustainability\\\/\"},{\"@type\":\"ListItem\",\"position\":3,\"name\":\"Le choix en faveur de la r\u00e9duction des \u00e9missions carbone\"}]},{\"@type\":\"WebSite\",\"@id\":\"https:\\\/\\\/americansoftwoods.com\\\/#website\",\"url\":\"https:\\\/\\\/americansoftwoods.com\\\/\",\"name\":\"American Softwood\",\"description\":\"World-Renowned Softwood\",\"potentialAction\":[{\"@type\":\"SearchAction\",\"target\":{\"@type\":\"EntryPoint\",\"urlTemplate\":\"https:\\\/\\\/americansoftwoods.com\\\/?s={search_term_string}\"},\"query-input\":{\"@type\":\"PropertyValueSpecification\",\"valueRequired\":true,\"valueName\":\"search_term_string\"}}],\"inLanguage\":\"fr-FR\"}]}<\/script>\n<!-- \/ Yoast SEO plugin. -->","yoast_head_json":{"title":"Le choix en faveur de la r\u00e9duction des \u00e9missions carbone - American Softwood","robots":{"index":"index","follow":"follow","max-snippet":"max-snippet:-1","max-image-preview":"max-image-preview:large","max-video-preview":"max-video-preview:-1"},"canonical":"https:\/\/americansoftwoods.com\/fr\/sustainability\/low-carbon\/","og_locale":"fr_FR","og_type":"article","og_title":"Le choix en faveur de la r\u00e9duction des \u00e9missions carbone - American Softwood","og_description":"Aucun autre mat\u00e9riau ne parvient \u00e0 \u00e9galer les avantages uniques que procure le bois. Il est tout \u00e0 la fois l\u00e9ger, r\u00e9sistant, facile \u00e0 travailler, \u00e9conomique et esth\u00e9tique. Par ailleurs, \u00e9tant donn\u00e9 l&rsquo;importance que rev\u00eatent le d\u00e9veloppement durable et la r\u00e9duction des \u00e9missions carbone pour l&rsquo;ensemble du secteur de la construction, les avantages environnementaux du [&hellip;]","og_url":"https:\/\/americansoftwoods.com\/fr\/sustainability\/low-carbon\/","og_site_name":"American Softwood","article_modified_time":"2017-08-11T15:03:26+00:00","og_image":[{"width":1600,"height":376,"url":"https:\/\/americansoftwoods.com\/wp-content\/uploads\/2016\/12\/LOWcarbon.jpg","type":"image\/jpeg"}],"twitter_card":"summary_large_image","twitter_misc":{"Dur\u00e9e de lecture estim\u00e9e":"1 minute"},"schema":{"@context":"https:\/\/schema.org","@graph":[{"@type":"WebPage","@id":"https:\/\/americansoftwoods.com\/fr\/sustainability\/low-carbon\/","url":"https:\/\/americansoftwoods.com\/fr\/sustainability\/low-carbon\/","name":"Le choix en faveur de la r\u00e9duction des \u00e9missions carbone - American Softwood","isPartOf":{"@id":"https:\/\/americansoftwoods.com\/#website"},"primaryImageOfPage":{"@id":"https:\/\/americansoftwoods.com\/fr\/sustainability\/low-carbon\/#primaryimage"},"image":{"@id":"https:\/\/americansoftwoods.com\/fr\/sustainability\/low-carbon\/#primaryimage"},"thumbnailUrl":"https:\/\/americansoftwoods.com\/wp-content\/uploads\/2016\/12\/LOWcarbon.jpg","datePublished":"2016-12-29T20:04:10+00:00","dateModified":"2017-08-11T15:03:26+00:00","breadcrumb":{"@id":"https:\/\/americansoftwoods.com\/fr\/sustainability\/low-carbon\/#breadcrumb"},"inLanguage":"fr-FR","potentialAction":[{"@type":"ReadAction","target":["https:\/\/americansoftwoods.com\/fr\/sustainability\/low-carbon\/"]}]},{"@type":"ImageObject","inLanguage":"fr-FR","@id":"https:\/\/americansoftwoods.com\/fr\/sustainability\/low-carbon\/#primaryimage","url":"https:\/\/americansoftwoods.com\/wp-content\/uploads\/2016\/12\/LOWcarbon.jpg","contentUrl":"https:\/\/americansoftwoods.com\/wp-content\/uploads\/2016\/12\/LOWcarbon.jpg","width":1600,"height":376},{"@type":"BreadcrumbList","@id":"https:\/\/americansoftwoods.com\/fr\/sustainability\/low-carbon\/#breadcrumb","itemListElement":[{"@type":"ListItem","position":1,"name":"Home","item":"https:\/\/americansoftwoods.com\/fr\/"},{"@type":"ListItem","position":2,"name":"Durabilit\u00e9","item":"https:\/\/americansoftwoods.com\/fr\/sustainability\/"},{"@type":"ListItem","position":3,"name":"Le choix en faveur de la r\u00e9duction des \u00e9missions carbone"}]},{"@type":"WebSite","@id":"https:\/\/americansoftwoods.com\/#website","url":"https:\/\/americansoftwoods.com\/","name":"American Softwood","description":"World-Renowned Softwood","potentialAction":[{"@type":"SearchAction","target":{"@type":"EntryPoint","urlTemplate":"https:\/\/americansoftwoods.com\/?s={search_term_string}"},"query-input":{"@type":"PropertyValueSpecification","valueRequired":true,"valueName":"search_term_string"}}],"inLanguage":"fr-FR"}]}},"_links":{"self":[{"href":"https:\/\/americansoftwoods.com\/fr\/wp-json\/wp\/v2\/pages\/1924","targetHints":{"allow":["GET"]}}],"collection":[{"href":"https:\/\/americansoftwoods.com\/fr\/wp-json\/wp\/v2\/pages"}],"about":[{"href":"https:\/\/americansoftwoods.com\/fr\/wp-json\/wp\/v2\/types\/page"}],"author":[{"embeddable":true,"href":"https:\/\/americansoftwoods.com\/fr\/wp-json\/wp\/v2\/users\/1"}],"replies":[{"embeddable":true,"href":"https:\/\/americansoftwoods.com\/fr\/wp-json\/wp\/v2\/comments?post=1924"}],"version-history":[{"count":0,"href":"https:\/\/americansoftwoods.com\/fr\/wp-json\/wp\/v2\/pages\/1924\/revisions"}],"up":[{"embeddable":true,"href":"https:\/\/americansoftwoods.com\/fr\/wp-json\/wp\/v2\/pages\/1945"}],"wp:featuredmedia":[{"embeddable":true,"href":"https:\/\/americansoftwoods.com\/fr\/wp-json\/wp\/v2\/media\/1698"}],"wp:attachment":[{"href":"https:\/\/americansoftwoods.com\/fr\/wp-json\/wp\/v2\/media?parent=1924"}],"curies":[{"name":"wp","href":"https:\/\/api.w.org\/{rel}","templated":true}]}}