{"id":1948,"date":"2016-12-29T20:03:19","date_gmt":"2016-12-29T20:03:19","guid":{"rendered":"http:\/\/softwoods.wpengine.com\/it\/sustainability\/"},"modified":"2017-11-30T18:12:59","modified_gmt":"2017-11-30T18:12:59","slug":"sustainability","status":"publish","type":"page","link":"https:\/\/americansoftwoods.com\/it\/sustainability\/","title":{"rendered":"Sostenibilit\u00e0"},"content":{"rendered":"<p class=\"p1\">Le foreste americane producono attualmente pi\u00f9 di 80 milioni di metri cubi di legname segato all&#8217;anno, ottenendo cos\u00ec la palma di maggiori produttrici a livello mondiale. Circa il 10% di questo legname viene esportato oltremare<\/p>\n<p class=\"p1\">La moderna gestione forestale assicura non solo la sostituzione degli alberi abbattuti, ma che ogni anno il legno che crescenella foreste statunitensi sia maggiore di quanto ne viene prelevato. Il risultato \u00e8 che l\u2019attuale patrimonio boschivo degli USA \u00e8 assai pi\u00f9 ampio rispetto a 70 anni fa. Ogni anno gli Stati Uniti piantano 1,6 miliardi di plantule, equivalenti a 4,4 milioni di alberi per ogni giorno dell&#8217;anno.<\/p>\n<h4 class=\"p1\"><\/h4>\n<h4>Negli Stati Uniti sono in vigore due sistemi di certificazione:<br \/>\n<u><\/u><br \/>\n<u><\/u><\/h4>\n<h5>\u00a0 \u00a0 \u00a0 \u00a0 \u00a0 \u00a0PEFC (<a href=\"http:\/\/www.pefc.org\/\" target=\"_blank\" rel=\"noopener noreferrer\" data-saferedirecturl=\"https:\/\/www.google.com\/url?hl=en&amp;q=http:\/\/www.pefc.org\/&amp;source=gmail&amp;ust=1487974160433000&amp;usg=AFQjCNHytw9JnEA7vZjNw02vc744RztxHw\">Programme for the Endorsement of Forest Certification, ovvero Programma di valutazione degli schemi di certificazione forestale<\/a>) e<\/h5>\n<h5>\u00a0 \u00a0 \u00a0 \u00a0 \u00a0 \u00a0FSC (<a href=\"https:\/\/us.fsc.org\/en-us\" target=\"_blank\" rel=\"noopener noreferrer\" data-saferedirecturl=\"https:\/\/www.google.com\/url?hl=en&amp;q=https:\/\/us.fsc.org\/en-us&amp;source=gmail&amp;ust=1487974160433000&amp;usg=AFQjCNHp_Q6Cbi1hnqztMH9duKOY7az7sQ\">Forest Stewardship Council, ovvero Consiglio per la gestione forestale sostenibile<\/a>)<br \/>\n<u><\/u><br \/>\n<u><\/u><\/h5>\n<p class=\"m_-3624447866673593190p1\">FSC certifica 66 milioni di ettari di terra in Nord America, mentre PEFC sostiene i programmi SFI (<a href=\"http:\/\/www.sfiprogram.org\/\" target=\"_blank\" rel=\"noopener noreferrer\" data-saferedirecturl=\"https:\/\/www.google.com\/url?hl=en&amp;q=http:\/\/www.sfiprogram.org\/&amp;source=gmail&amp;ust=1487974160433000&amp;usg=AFQjCNEKljnd2CjnsPDh9x-WlgjSgnNVuw\">Sustainable Forest Initiative<\/a>) e ATFS (<a href=\"https:\/\/www.treefarmsystem.org\/\" target=\"_blank\" rel=\"noopener noreferrer\" data-saferedirecturl=\"https:\/\/www.google.com\/url?hl=en&amp;q=https:\/\/www.treefarmsystem.org\/&amp;source=gmail&amp;ust=1487974160433000&amp;usg=AFQjCNFnWmVn2ekGJ-l-I1_e9y9uCWVH9g\">American Tree Farm System<\/a>), per un totale di 110 milioni di ettari di terra certificati in tutto il Nord America.<\/p>\n<h4 class=\"p1\">Esistono due tipi di certificazione:<\/h4>\n<p class=\"p1\">Gestione forestale (Forest management), che certifica la gestione sostenibile dell\u2019area forestale, e Catena di custodia (Chain of Custody, CoC), un processo di documentazione volto a mostrare la filiera ininterrotta fra la foresta e il prodotto finito.<\/p>\n<p class=\"p1\">Per i dettagli sui membri fornitori di pino giallo del Sud certificato, visitate <a href=\"http:\/\/southernpineglobal.com\/product-locator\/\" target=\"_blank\" rel=\"noopener noreferrer\">Southern Pine Global<\/a>.<\/p>\n<p class=\"p1\">Per i dettagli sui membri fornitori di abete Douglas, cedro rosso occidentale e altre specie dagli Stati Uniti occidentali, visitate <a href=\"http:\/\/wwpa.org\/buyers-guide?bgcompaniesonly\" target=\"_blank\" rel=\"noopener noreferrer\">questa pagina<\/a>.<\/p>\n","protected":false},"excerpt":{"rendered":"<p>Le foreste americane producono attualmente pi\u00f9 di 80 milioni di metri cubi di legname segato all&#8217;anno, ottenendo cos\u00ec la palma di maggiori produttrici a livello mondiale. Circa il 10% di questo legname viene esportato oltremare La moderna gestione forestale assicura non solo la sostituzione degli alberi abbattuti, ma che ogni anno il legno che crescenella [&hellip;]<\/p>\n","protected":false},"author":1,"featured_media":1949,"parent":0,"menu_order":0,"comment_status":"closed","ping_status":"closed","template":"","meta":{"_acf_changed":false,"_monsterinsights_skip_tracking":false,"_monsterinsights_sitenote_active":false,"_monsterinsights_sitenote_note":"","_monsterinsights_sitenote_category":0,"footnotes":""},"class_list":["post-1948","page","type-page","status-publish","has-post-thumbnail","hentry"],"acf":[],"yoast_head":"<!-- This site is optimized with the Yoast SEO plugin v27.6 - https:\/\/yoast.com\/product\/yoast-seo-wordpress\/ -->\n<title>Sostenibilit\u00e0 - American Softwood<\/title>\n<meta name=\"robots\" content=\"index, follow, max-snippet:-1, max-image-preview:large, max-video-preview:-1\" \/>\n<link rel=\"canonical\" href=\"https:\/\/americansoftwoods.com\/it\/sustainability\/\" \/>\n<meta property=\"og:locale\" content=\"it_IT\" \/>\n<meta property=\"og:type\" content=\"article\" \/>\n<meta property=\"og:title\" content=\"Sostenibilit\u00e0 - American Softwood\" \/>\n<meta property=\"og:description\" content=\"Le foreste americane producono attualmente pi\u00f9 di 80 milioni di metri cubi di legname segato all&#8217;anno, ottenendo cos\u00ec la palma di maggiori produttrici a livello mondiale. Circa il 10% di questo legname viene esportato oltremare La moderna gestione forestale assicura non solo la sostituzione degli alberi abbattuti, ma che ogni anno il legno che crescenella [&hellip;]\" \/>\n<meta property=\"og:url\" content=\"https:\/\/americansoftwoods.com\/it\/sustainability\/\" \/>\n<meta property=\"og:site_name\" content=\"American Softwood\" \/>\n<meta property=\"article:modified_time\" content=\"2017-11-30T18:12:59+00:00\" \/>\n<meta property=\"og:image\" content=\"https:\/\/americansoftwoods.com\/wp-content\/uploads\/2016\/12\/SUSTAIN-1.jpg\" \/>\n\t<meta property=\"og:image:width\" content=\"1600\" \/>\n\t<meta property=\"og:image:height\" content=\"501\" \/>\n\t<meta property=\"og:image:type\" content=\"image\/jpeg\" \/>\n<meta name=\"twitter:card\" content=\"summary_large_image\" \/>\n<meta name=\"twitter:label1\" content=\"Tempo di lettura stimato\" \/>\n\t<meta name=\"twitter:data1\" content=\"1 minuto\" \/>\n<script type=\"application\/ld+json\" class=\"yoast-schema-graph\">{\"@context\":\"https:\\\/\\\/schema.org\",\"@graph\":[{\"@type\":\"WebPage\",\"@id\":\"https:\\\/\\\/americansoftwoods.com\\\/it\\\/sustainability\\\/\",\"url\":\"https:\\\/\\\/americansoftwoods.com\\\/it\\\/sustainability\\\/\",\"name\":\"Sostenibilit\u00e0 - American Softwood\",\"isPartOf\":{\"@id\":\"https:\\\/\\\/americansoftwoods.com\\\/#website\"},\"primaryImageOfPage\":{\"@id\":\"https:\\\/\\\/americansoftwoods.com\\\/it\\\/sustainability\\\/#primaryimage\"},\"image\":{\"@id\":\"https:\\\/\\\/americansoftwoods.com\\\/it\\\/sustainability\\\/#primaryimage\"},\"thumbnailUrl\":\"https:\\\/\\\/americansoftwoods.com\\\/wp-content\\\/uploads\\\/2016\\\/12\\\/SUSTAIN-1.jpg\",\"datePublished\":\"2016-12-29T20:03:19+00:00\",\"dateModified\":\"2017-11-30T18:12:59+00:00\",\"breadcrumb\":{\"@id\":\"https:\\\/\\\/americansoftwoods.com\\\/it\\\/sustainability\\\/#breadcrumb\"},\"inLanguage\":\"it-IT\",\"potentialAction\":[{\"@type\":\"ReadAction\",\"target\":[\"https:\\\/\\\/americansoftwoods.com\\\/it\\\/sustainability\\\/\"]}]},{\"@type\":\"ImageObject\",\"inLanguage\":\"it-IT\",\"@id\":\"https:\\\/\\\/americansoftwoods.com\\\/it\\\/sustainability\\\/#primaryimage\",\"url\":\"https:\\\/\\\/americansoftwoods.com\\\/wp-content\\\/uploads\\\/2016\\\/12\\\/SUSTAIN-1.jpg\",\"contentUrl\":\"https:\\\/\\\/americansoftwoods.com\\\/wp-content\\\/uploads\\\/2016\\\/12\\\/SUSTAIN-1.jpg\",\"width\":1600,\"height\":501},{\"@type\":\"BreadcrumbList\",\"@id\":\"https:\\\/\\\/americansoftwoods.com\\\/it\\\/sustainability\\\/#breadcrumb\",\"itemListElement\":[{\"@type\":\"ListItem\",\"position\":1,\"name\":\"Home\",\"item\":\"https:\\\/\\\/americansoftwoods.com\\\/it\\\/\"},{\"@type\":\"ListItem\",\"position\":2,\"name\":\"Sostenibilit\u00e0\"}]},{\"@type\":\"WebSite\",\"@id\":\"https:\\\/\\\/americansoftwoods.com\\\/#website\",\"url\":\"https:\\\/\\\/americansoftwoods.com\\\/\",\"name\":\"American Softwood\",\"description\":\"World-Renowned Softwood\",\"potentialAction\":[{\"@type\":\"SearchAction\",\"target\":{\"@type\":\"EntryPoint\",\"urlTemplate\":\"https:\\\/\\\/americansoftwoods.com\\\/?s={search_term_string}\"},\"query-input\":{\"@type\":\"PropertyValueSpecification\",\"valueRequired\":true,\"valueName\":\"search_term_string\"}}],\"inLanguage\":\"it-IT\"}]}<\/script>\n<!-- \/ Yoast SEO plugin. -->","yoast_head_json":{"title":"Sostenibilit\u00e0 - American Softwood","robots":{"index":"index","follow":"follow","max-snippet":"max-snippet:-1","max-image-preview":"max-image-preview:large","max-video-preview":"max-video-preview:-1"},"canonical":"https:\/\/americansoftwoods.com\/it\/sustainability\/","og_locale":"it_IT","og_type":"article","og_title":"Sostenibilit\u00e0 - American Softwood","og_description":"Le foreste americane producono attualmente pi\u00f9 di 80 milioni di metri cubi di legname segato all&#8217;anno, ottenendo cos\u00ec la palma di maggiori produttrici a livello mondiale. Circa il 10% di questo legname viene esportato oltremare La moderna gestione forestale assicura non solo la sostituzione degli alberi abbattuti, ma che ogni anno il legno che crescenella [&hellip;]","og_url":"https:\/\/americansoftwoods.com\/it\/sustainability\/","og_site_name":"American Softwood","article_modified_time":"2017-11-30T18:12:59+00:00","og_image":[{"width":1600,"height":501,"url":"https:\/\/americansoftwoods.com\/wp-content\/uploads\/2016\/12\/SUSTAIN-1.jpg","type":"image\/jpeg"}],"twitter_card":"summary_large_image","twitter_misc":{"Tempo di lettura stimato":"1 minuto"},"schema":{"@context":"https:\/\/schema.org","@graph":[{"@type":"WebPage","@id":"https:\/\/americansoftwoods.com\/it\/sustainability\/","url":"https:\/\/americansoftwoods.com\/it\/sustainability\/","name":"Sostenibilit\u00e0 - American Softwood","isPartOf":{"@id":"https:\/\/americansoftwoods.com\/#website"},"primaryImageOfPage":{"@id":"https:\/\/americansoftwoods.com\/it\/sustainability\/#primaryimage"},"image":{"@id":"https:\/\/americansoftwoods.com\/it\/sustainability\/#primaryimage"},"thumbnailUrl":"https:\/\/americansoftwoods.com\/wp-content\/uploads\/2016\/12\/SUSTAIN-1.jpg","datePublished":"2016-12-29T20:03:19+00:00","dateModified":"2017-11-30T18:12:59+00:00","breadcrumb":{"@id":"https:\/\/americansoftwoods.com\/it\/sustainability\/#breadcrumb"},"inLanguage":"it-IT","potentialAction":[{"@type":"ReadAction","target":["https:\/\/americansoftwoods.com\/it\/sustainability\/"]}]},{"@type":"ImageObject","inLanguage":"it-IT","@id":"https:\/\/americansoftwoods.com\/it\/sustainability\/#primaryimage","url":"https:\/\/americansoftwoods.com\/wp-content\/uploads\/2016\/12\/SUSTAIN-1.jpg","contentUrl":"https:\/\/americansoftwoods.com\/wp-content\/uploads\/2016\/12\/SUSTAIN-1.jpg","width":1600,"height":501},{"@type":"BreadcrumbList","@id":"https:\/\/americansoftwoods.com\/it\/sustainability\/#breadcrumb","itemListElement":[{"@type":"ListItem","position":1,"name":"Home","item":"https:\/\/americansoftwoods.com\/it\/"},{"@type":"ListItem","position":2,"name":"Sostenibilit\u00e0"}]},{"@type":"WebSite","@id":"https:\/\/americansoftwoods.com\/#website","url":"https:\/\/americansoftwoods.com\/","name":"American Softwood","description":"World-Renowned Softwood","potentialAction":[{"@type":"SearchAction","target":{"@type":"EntryPoint","urlTemplate":"https:\/\/americansoftwoods.com\/?s={search_term_string}"},"query-input":{"@type":"PropertyValueSpecification","valueRequired":true,"valueName":"search_term_string"}}],"inLanguage":"it-IT"}]}},"_links":{"self":[{"href":"https:\/\/americansoftwoods.com\/it\/wp-json\/wp\/v2\/pages\/1948","targetHints":{"allow":["GET"]}}],"collection":[{"href":"https:\/\/americansoftwoods.com\/it\/wp-json\/wp\/v2\/pages"}],"about":[{"href":"https:\/\/americansoftwoods.com\/it\/wp-json\/wp\/v2\/types\/page"}],"author":[{"embeddable":true,"href":"https:\/\/americansoftwoods.com\/it\/wp-json\/wp\/v2\/users\/1"}],"replies":[{"embeddable":true,"href":"https:\/\/americansoftwoods.com\/it\/wp-json\/wp\/v2\/comments?post=1948"}],"version-history":[{"count":0,"href":"https:\/\/americansoftwoods.com\/it\/wp-json\/wp\/v2\/pages\/1948\/revisions"}],"wp:featuredmedia":[{"embeddable":true,"href":"https:\/\/americansoftwoods.com\/it\/wp-json\/wp\/v2\/media\/1949"}],"wp:attachment":[{"href":"https:\/\/americansoftwoods.com\/it\/wp-json\/wp\/v2\/media?parent=1948"}],"curies":[{"name":"wp","href":"https:\/\/api.w.org\/{rel}","templated":true}]}}