{"id":2253,"date":"2016-12-06T17:06:55","date_gmt":"2016-12-06T17:06:55","guid":{"rendered":"http:\/\/softwoods.wpengine.com\/mx\/home\/"},"modified":"2017-08-31T16:03:51","modified_gmt":"2017-08-31T16:03:51","slug":"home","status":"publish","type":"page","link":"https:\/\/americansoftwoods.com\/mx\/","title":{"rendered":"Home"},"content":{"rendered":"","protected":false},"excerpt":{"rendered":"","protected":false},"author":1,"featured_media":2257,"parent":0,"menu_order":0,"comment_status":"closed","ping_status":"closed","template":"page-templates\/front.php","meta":{"_acf_changed":false,"_monsterinsights_skip_tracking":false,"_monsterinsights_sitenote_active":false,"_monsterinsights_sitenote_note":"","_monsterinsights_sitenote_category":0,"footnotes":""},"class_list":["post-2253","page","type-page","status-publish","has-post-thumbnail","hentry"],"acf":[],"yoast_head":"<!-- This site is optimized with the Yoast SEO plugin v27.4 - https:\/\/yoast.com\/product\/yoast-seo-wordpress\/ -->\n<title>American Softwoods | Maderas de con\u00edferas reconocidas a nivel mundial<\/title>\n<meta name=\"description\" content=\"American Softwoods es una asociaci\u00f3n promocional formada por tres grandes asociaciones de comercio de madera de con\u00edferas de Estados Unidos que quiere promocionar los productos de madera de con\u00edferas estadounidenses.\" \/>\n<meta name=\"robots\" content=\"index, follow, max-snippet:-1, max-image-preview:large, max-video-preview:-1\" \/>\n<link rel=\"canonical\" href=\"https:\/\/americansoftwoods.com\/mx\/\" \/>\n<meta property=\"og:locale\" content=\"en_US\" \/>\n<meta property=\"og:type\" content=\"article\" \/>\n<meta property=\"og:title\" content=\"American Softwoods | Maderas de con\u00edferas reconocidas a nivel mundial\" \/>\n<meta property=\"og:description\" content=\"American Softwoods es una asociaci\u00f3n promocional formada por tres grandes asociaciones de comercio de madera de con\u00edferas de Estados Unidos que quiere promocionar los productos de madera de con\u00edferas estadounidenses.\" \/>\n<meta property=\"og:url\" content=\"https:\/\/americansoftwoods.com\/mx\/\" \/>\n<meta property=\"og:site_name\" content=\"American Softwood\" \/>\n<meta property=\"article:modified_time\" content=\"2017-08-31T16:03:51+00:00\" \/>\n<meta property=\"og:image\" content=\"https:\/\/americansoftwoods.com\/wp-content\/uploads\/2016\/12\/TITLE_2.jpg\" \/>\n\t<meta property=\"og:image:width\" content=\"1280\" \/>\n\t<meta property=\"og:image:height\" content=\"675\" \/>\n\t<meta property=\"og:image:type\" content=\"image\/jpeg\" \/>\n<meta name=\"twitter:card\" content=\"summary_large_image\" \/>\n<script type=\"application\/ld+json\" class=\"yoast-schema-graph\">{\"@context\":\"https:\\\/\\\/schema.org\",\"@graph\":[{\"@type\":\"WebPage\",\"@id\":\"https:\\\/\\\/americansoftwoods.com\\\/mx\\\/\",\"url\":\"https:\\\/\\\/americansoftwoods.com\\\/mx\\\/\",\"name\":\"American Softwoods | Maderas de con\u00edferas reconocidas a nivel mundial\",\"isPartOf\":{\"@id\":\"https:\\\/\\\/americansoftwoods.com\\\/#website\"},\"primaryImageOfPage\":{\"@id\":\"https:\\\/\\\/americansoftwoods.com\\\/mx\\\/#primaryimage\"},\"image\":{\"@id\":\"https:\\\/\\\/americansoftwoods.com\\\/mx\\\/#primaryimage\"},\"thumbnailUrl\":\"https:\\\/\\\/americansoftwoods.com\\\/wp-content\\\/uploads\\\/2016\\\/12\\\/TITLE_2.jpg\",\"datePublished\":\"2016-12-06T17:06:55+00:00\",\"dateModified\":\"2017-08-31T16:03:51+00:00\",\"description\":\"American Softwoods es una asociaci\u00f3n promocional formada por tres grandes asociaciones de comercio de madera de con\u00edferas de Estados Unidos que quiere promocionar los productos de madera de con\u00edferas estadounidenses.\",\"breadcrumb\":{\"@id\":\"https:\\\/\\\/americansoftwoods.com\\\/mx\\\/#breadcrumb\"},\"inLanguage\":\"mx\",\"potentialAction\":[{\"@type\":\"ReadAction\",\"target\":[\"https:\\\/\\\/americansoftwoods.com\\\/mx\\\/\"]}]},{\"@type\":\"ImageObject\",\"inLanguage\":\"mx\",\"@id\":\"https:\\\/\\\/americansoftwoods.com\\\/mx\\\/#primaryimage\",\"url\":\"https:\\\/\\\/americansoftwoods.com\\\/wp-content\\\/uploads\\\/2016\\\/12\\\/TITLE_2.jpg\",\"contentUrl\":\"https:\\\/\\\/americansoftwoods.com\\\/wp-content\\\/uploads\\\/2016\\\/12\\\/TITLE_2.jpg\",\"width\":1280,\"height\":675},{\"@type\":\"BreadcrumbList\",\"@id\":\"https:\\\/\\\/americansoftwoods.com\\\/mx\\\/#breadcrumb\",\"itemListElement\":[{\"@type\":\"ListItem\",\"position\":1,\"name\":\"Home\",\"item\":\"https:\\\/\\\/americansoftwoods.com\\\/mx\\\/\"},{\"@type\":\"ListItem\",\"position\":2,\"name\":\"Home\"}]},{\"@type\":\"WebSite\",\"@id\":\"https:\\\/\\\/americansoftwoods.com\\\/#website\",\"url\":\"https:\\\/\\\/americansoftwoods.com\\\/\",\"name\":\"American Softwood\",\"description\":\"World-Renowned Softwood\",\"potentialAction\":[{\"@type\":\"SearchAction\",\"target\":{\"@type\":\"EntryPoint\",\"urlTemplate\":\"https:\\\/\\\/americansoftwoods.com\\\/?s={search_term_string}\"},\"query-input\":{\"@type\":\"PropertyValueSpecification\",\"valueRequired\":true,\"valueName\":\"search_term_string\"}}],\"inLanguage\":\"mx\"}]}<\/script>\n<!-- \/ Yoast SEO plugin. -->","yoast_head_json":{"title":"American Softwoods | Maderas de con\u00edferas reconocidas a nivel mundial","description":"American Softwoods es una asociaci\u00f3n promocional formada por tres grandes asociaciones de comercio de madera de con\u00edferas de Estados Unidos que quiere promocionar los productos de madera de con\u00edferas estadounidenses.","robots":{"index":"index","follow":"follow","max-snippet":"max-snippet:-1","max-image-preview":"max-image-preview:large","max-video-preview":"max-video-preview:-1"},"canonical":"https:\/\/americansoftwoods.com\/mx\/","og_locale":"en_US","og_type":"article","og_title":"American Softwoods | Maderas de con\u00edferas reconocidas a nivel mundial","og_description":"American Softwoods es una asociaci\u00f3n promocional formada por tres grandes asociaciones de comercio de madera de con\u00edferas de Estados Unidos que quiere promocionar los productos de madera de con\u00edferas estadounidenses.","og_url":"https:\/\/americansoftwoods.com\/mx\/","og_site_name":"American Softwood","article_modified_time":"2017-08-31T16:03:51+00:00","og_image":[{"width":1280,"height":675,"url":"https:\/\/americansoftwoods.com\/wp-content\/uploads\/2016\/12\/TITLE_2.jpg","type":"image\/jpeg"}],"twitter_card":"summary_large_image","schema":{"@context":"https:\/\/schema.org","@graph":[{"@type":"WebPage","@id":"https:\/\/americansoftwoods.com\/mx\/","url":"https:\/\/americansoftwoods.com\/mx\/","name":"American Softwoods | Maderas de con\u00edferas reconocidas a nivel mundial","isPartOf":{"@id":"https:\/\/americansoftwoods.com\/#website"},"primaryImageOfPage":{"@id":"https:\/\/americansoftwoods.com\/mx\/#primaryimage"},"image":{"@id":"https:\/\/americansoftwoods.com\/mx\/#primaryimage"},"thumbnailUrl":"https:\/\/americansoftwoods.com\/wp-content\/uploads\/2016\/12\/TITLE_2.jpg","datePublished":"2016-12-06T17:06:55+00:00","dateModified":"2017-08-31T16:03:51+00:00","description":"American Softwoods es una asociaci\u00f3n promocional formada por tres grandes asociaciones de comercio de madera de con\u00edferas de Estados Unidos que quiere promocionar los productos de madera de con\u00edferas estadounidenses.","breadcrumb":{"@id":"https:\/\/americansoftwoods.com\/mx\/#breadcrumb"},"inLanguage":"mx","potentialAction":[{"@type":"ReadAction","target":["https:\/\/americansoftwoods.com\/mx\/"]}]},{"@type":"ImageObject","inLanguage":"mx","@id":"https:\/\/americansoftwoods.com\/mx\/#primaryimage","url":"https:\/\/americansoftwoods.com\/wp-content\/uploads\/2016\/12\/TITLE_2.jpg","contentUrl":"https:\/\/americansoftwoods.com\/wp-content\/uploads\/2016\/12\/TITLE_2.jpg","width":1280,"height":675},{"@type":"BreadcrumbList","@id":"https:\/\/americansoftwoods.com\/mx\/#breadcrumb","itemListElement":[{"@type":"ListItem","position":1,"name":"Home","item":"https:\/\/americansoftwoods.com\/mx\/"},{"@type":"ListItem","position":2,"name":"Home"}]},{"@type":"WebSite","@id":"https:\/\/americansoftwoods.com\/#website","url":"https:\/\/americansoftwoods.com\/","name":"American Softwood","description":"World-Renowned Softwood","potentialAction":[{"@type":"SearchAction","target":{"@type":"EntryPoint","urlTemplate":"https:\/\/americansoftwoods.com\/?s={search_term_string}"},"query-input":{"@type":"PropertyValueSpecification","valueRequired":true,"valueName":"search_term_string"}}],"inLanguage":"mx"}]}},"_links":{"self":[{"href":"https:\/\/americansoftwoods.com\/mx\/wp-json\/wp\/v2\/pages\/2253","targetHints":{"allow":["GET"]}}],"collection":[{"href":"https:\/\/americansoftwoods.com\/mx\/wp-json\/wp\/v2\/pages"}],"about":[{"href":"https:\/\/americansoftwoods.com\/mx\/wp-json\/wp\/v2\/types\/page"}],"author":[{"embeddable":true,"href":"https:\/\/americansoftwoods.com\/mx\/wp-json\/wp\/v2\/users\/1"}],"replies":[{"embeddable":true,"href":"https:\/\/americansoftwoods.com\/mx\/wp-json\/wp\/v2\/comments?post=2253"}],"version-history":[{"count":0,"href":"https:\/\/americansoftwoods.com\/mx\/wp-json\/wp\/v2\/pages\/2253\/revisions"}],"wp:featuredmedia":[{"embeddable":true,"href":"https:\/\/americansoftwoods.com\/mx\/wp-json\/wp\/v2\/media\/2257"}],"wp:attachment":[{"href":"https:\/\/americansoftwoods.com\/mx\/wp-json\/wp\/v2\/media?parent=2253"}],"curies":[{"name":"wp","href":"https:\/\/api.w.org\/{rel}","templated":true}]}}